{"id":3379,"date":"2024-12-28T19:24:19","date_gmt":"2024-12-28T18:24:19","guid":{"rendered":"https:\/\/www.naseemtouch.com\/?page_id=3379"},"modified":"2025-01-01T09:17:47","modified_gmt":"2025-01-01T08:17:47","slug":"metodo-msa","status":"publish","type":"page","link":"https:\/\/www.naseemtouch.com\/it\/metodo-msa\/","title":{"rendered":"METODO MSA"},"content":{"rendered":"\n<p><strong>Usha Heller method with Naseem ROBERTO BAFFA<\/strong><\/p>\n\n\n\n<p>l metodo di <strong>Allineamento Strutturale Miofasciale (MSA)<\/strong> \u00e8 una forma innovativa di trattamento specialistico che agisce attraverso la <strong>fascia<\/strong> e il <strong>tessuto connettivo<\/strong> per liberare i muscoli, facilitare l\u2019allineamento scheletrico e ripristinare una <strong>postura naturale<\/strong> e un <strong>movimento fluido<\/strong>.<\/p>\n\n\n\n<section class=\"video_bg titolo\">\n<h3>ALLINEAMENTO STRUTTURALE MIOFASCIALE (MSA)<\/h3>\n<\/section>\n\n\n\n<section class=\"video_bg\">\n<div class=\"wrapper\">\n<div class=\"container\"><iframe loading=\"lazy\" src=\"https:\/\/www.youtube.com\/embed\/x9wYVKTKML4\" width=\"560\" height=\"315\" frameborder=\"0\" allowfullscreen=\"allowfullscreen\"><\/iframe><\/div>\n<\/div>\n<\/section>\n\n\n\n<p><\/p>\n\n\n\n<p>Il <strong>Metodo MSA<\/strong> \u00e8 stato creato negli anni \u201980 in California dalla maestra indiana di bodywork <strong>Usha Heller<\/strong> e si concentra sull\u2019<strong>integrazione tra forma e funzione<\/strong>. Questo approccio strutturale mira a riallineare l\u2019intero sistema scheletrico, promuovendo <strong>un corpo privo di dolori e restrizioni<\/strong>. Come spiegava Usha: \u201c\u00c8 un processo completo per liberare e riallineare la struttura dell\u2019intero corpo, e il resto si assester\u00e0 di conseguenza.\u201d Naseem si \u00e8 formato direttamente con Usha a New York nel 2018 e 2019.<\/p>\n\n\n\n<p><\/p>\n\n\n\n<section class=\"video_bg titolo\">\n<h3>&#8220;Passeggiando sotto la pelle&#8221; &#8211; Dr. Jean-Claude Guimberteau<\/h3>\n<\/section>\n\n\n\n<section class=\"video_bg\">\n<div class=\"wrapper\">\n<div class=\"container\"><iframe loading=\"lazy\" src=\"https:\/\/www.youtube.com\/embed\/eW0lvOVKDxE?si=Ga949LqFR7GXorja\" width=\"560\" height=\"315\" frameborder=\"0\" allowfullscreen=\"allowfullscreen\"><\/iframe><\/div>\n<\/div>\n<\/section>\n\n\n\n<section>\n<div class=\"sx w100\">\n<h3>Naseem promuove un processo di trattamenti specialistici per:<\/h3>\n<div class=\"cont_tris\">\n<div class=\"columz\"><img decoding=\"async\" src=\"http:\/\/www.naseemtouch.com\/wp-content\/uploads\/2024\/12\/QUAD-6-4.png\" alt=\"\">&nbsp;\n<h3><strong>RILASCIARE<\/strong> LA <strong>FASCIA<\/strong><br>E TUTTI I <strong>MUSCOLI<\/strong><\/h3>\n<\/div>\n<div class=\"columz cent\"><img decoding=\"async\" src=\"http:\/\/www.naseemtouch.com\/wp-content\/uploads\/2024\/12\/QUAD-1-1.png\">&nbsp;\n<h3><strong>RIALLINEARE<\/strong> TUTTO<br>LO <strong>SCHELETRO<\/strong><\/h3>\n<\/div>\n<div class=\"columz\"><img decoding=\"async\" src=\"http:\/\/www.naseemtouch.com\/wp-content\/uploads\/2024\/12\/QUAD-POSTURE.png\">&nbsp;\n<h3><strong>RI-EDUCARE<\/strong> LA <strong>POSTURA<\/strong><br><strong>NATURALE<\/strong> E <strong>SANA<\/strong><\/h3>\n<\/div>\n<div class=\"clear_float\">&nbsp;<\/div>\n<\/div>\n<div class=\"greca\">&nbsp;<\/div>\n<p><!--\n\n\n\n\n\n\n\n\n\n\n\n\n\n\n\n\n\n\n\n\n\n\n\n\n\n\n\n\n\n\n\n\n\n\n\n\n\n\n\n\n\n\n\n\n\n\n\n\n\n\n\n<div class=\"testo_intro\"><\/div>\n\n\n\n\n\n\n\n\n\n\n\n\n\n\n\n\n\n\n\n\n\n\n\n\n\n\n\n\n\n\n\n\n\n\n\n\n\n\n\n\n\n\n\n\n\n\n\n\n\n--><\/p>\n<div class=\"cont_altern\">\n<div class=\"block_alt shiva2\">\n<div class=\"image\"><img decoding=\"async\" src=\"https:\/\/www.naseemtouch.com\/wp-content\/uploads\/2024\/12\/FASCIA-GUIMBERTEAU-copia-2-1.jpg\"><\/div>\n<div class=\"testo\">\n<div class=\"cent_test_alt\">\n<div class=\"cent_test_alt_int\">\n<p>La <strong>fascia<\/strong> \u00e8 ua vasta rete di <strong>tessuto connettivo<\/strong>, simile a una sottile ragnatela composta da <strong>elastina<\/strong> e <strong>collagene<\/strong>, che collega muscoli e ossa, organi, vasi sanguigni e nervi. Agisce anche come lubrificante, riducendo l\u2019attrito durante il movimento. La sua <strong>tensegrit\u00e0<\/strong> \u2013 equilibrio tra tensione e integrit\u00e0 \u2013 fornisce stabilit\u00e0 e flessibilit\u00e0 al corpo. Grazie alle sue <strong>propriet\u00e0 tissotropiche<\/strong>, la fascia pu\u00f2 passare da uno stato solido e rigido a uno pi\u00f9 liquido ed elastico. Ogni parte del corpo \u00e8 avvolta da strati di fascia e deve interagire con essa.<\/em>.<\/p>\n<\/div>\n<\/div>\n<\/div>\n<div class=\"clear_float\">&nbsp;<\/div>\n<\/div>\n<div class=\"block_alt dx shiva4\">\n<div class=\"image\"><img decoding=\"async\" src=\"http:\/\/www.naseemtouch.com\/wp-content\/uploads\/2024\/12\/PANCIA.png\"><\/div>\n<div class=\"testo\">\n<div class=\"cent_test_alt\">\n<div class=\"cent_test_alt_int\">\n<p>La fascia gioca un ruolo cruciale nella percezione del corpo, influenzando la <strong>propriocezione<\/strong> (consapevolezza del corpo nello spazio) e <strong>l\u2019interocezione<\/strong> (sensazioni interne del corpo). In caso di <strong>stress<\/strong>, <strong>traumi<\/strong> o <strong>cattiva postura<\/strong>, la fascia pu\u00f2 irrigidirsi, perdere elasticit\u00e0 e creare blocchi che compromettono il movimento e provocano dolore. Il metodo MSA <strong>ripristina l\u2019elasticit\u00e0 della fascia<\/strong> e la sua capacit\u00e0 di <strong>produrre fluido<\/strong>, rilasciando le aderenze per migliorare la funzionalit\u00e0 e l\u2019equilibrio.<\/em>.<\/p>\n<\/div>\n<\/div>\n<\/div>\n<div class=\"clear_float\">&nbsp;<\/div>\n<\/div>\n<div class=\"block_alt shiva2\">\n<div class=\"image\"><img decoding=\"async\" src=\"http:\/\/www.naseemtouch.com\/wp-content\/uploads\/2024\/12\/TRIO-2-FUNCTION.png\"><\/div>\n<div class=\"testo\">\n<div class=\"cent_test_alt\">\n<div class=\"cent_test_alt_int\">\n<p>Il rilascio miofasciale non solo ristabilisce l\u2019equilibrio fisico, ma migliora anche la <strong>connessione emotiva<\/strong> e la <strong>consapevolezza interiore<\/strong>. I traumi non elaborati possono creare restrizioni nella fascia, causando sintomi come <strong>ansia<\/strong>, <strong>stanchezza cronica<\/strong> e <strong>dolore<\/strong>. L\u2019MSA facilita il rilascio di questa energia intrappolata, supportando il <strong>processo naturale di guarigione<\/strong> del corpo. Riallineando lo scheletro e rilasciando le tensioni, l\u2019MSA ha un impatto positivo su tutti i sistemi, migliorando la salute, la libert\u00e0 di movimento e il benessere generale.<\/p>\n<\/div>\n<\/div>\n<\/div>\n<div class=\"clear_float\">&nbsp;<\/div>\n<\/div>\n<div class=\"clear_float\">&nbsp;<\/div>\n<\/div>\n<\/div>\n<\/section>\n\n\n\n<section class=\"video_bg titolo\">\n<h3>BENEFICI<\/h3>\n<\/section>\n\n\n\n<section>\n<div class=\"sx w100 elenchi\">\n<h3>SOLLIEVO dal DOLORE e RECUPERO<\/h3>\n<p>\u22c6 Riduce dolori, tensioni e punti trigger, inclusi dolori cronici alla parte bassa della schiena, al nervo sciatico, alle spalle e al collo<\/p>\n<p>\u22c6 Favorisce il rilascio di aderenze e tessuto cicatriziale, migliorando il movimento e l\u2019elasticit\u00e0<\/p>\n<p>\u22c6 Facilita il recupero da traumi a schiena, fianchi, spalle, braccia, ginocchia, caviglie, collo e mandibola<\/p>\n<p>\u22c6 Allevia sintomi di condizioni come spalla congelata, sindrome del tunnel carpale, fibromialgia (FMS) e sindrome del dolore miofasciale (MPS)<\/p>\n<h3>MIGLIORAMENTO del MOVIMENTO e della FUNZIONALITA&#8217;<\/h3>\n<p>\u22c6 Corregge squilibri posturali e distorsioni scheletriche<\/p>\n<p>\u22c6 Aumenta la mobilit\u00e0 articolare, la flessibilit\u00e0 e l\u2019ampiezza dei moviment<\/p>\n<p>\u22c6 Ripristina l\u2019equilibrio muscolare, il rilassamento e le relazioni ottimali di lunghezza-tensione<\/p>\n<p>\u22c6 Migliora l\u2019efficienza neuromuscolare e riduce l\u2019ipertonia muscolare<\/p>\n<h3>CIRCOLAZIONE E GUARIGIONE POTENZIATE<\/h3>\n<p>\u22c6 Stimola la circolazione sanguigna e l\u2019apporto di ossigeno ai tessuti, riducendo l\u2019infiammazione e favorendo la riparazione dei tessuti<\/p>\n<p>\u22c6 Promuove il flusso linfatico, supportando il sistema immunitario<\/p>\n<p>\u22c6 Regola l\u2019infiammazione e promuove la riparazione cellulare grazie all\u2019attivit\u00e0 mitocondriale<\/p>\n<h3>SOLLIEVO dallo STRESS e RILASCIO EMOTIVO<\/h3>\n<p>\u22c6 Rilascia tensioni, riduce lo stress e favorisce il rilassamento generale<\/p>\n<p>\u22c6 Migliora la propriocezione (consapevolezza del corpo nello spazio) e l&#8217;interocezione (consapevolezza emotiva e interna del corpo)<\/p>\n<p>\u22c6 Facilita il rilascio emotivo o traumatico, affrontando le cause profonde del dolore e della tensione con un approccio personalizzato e consapevole<\/p>\n<p>\u22c6 Favorisce la connessione emotiva con il s\u00e9 interiore, aiutando a elaborare i traumi accumulati<\/p>\n<\/div>\n<\/section>\n\n\n\n<section>\n<div class=\"cover\">\n<div class=\"parallax-window\" data-parallax=\"scroll\" data-image-src=\"http:\/\/www.naseemtouch.com\/wp-content\/uploads\/2024\/12\/SPALLESchermata-2024-12-21-alle-17.09.31.png\">&nbsp;<\/div>\n<\/div>\n<\/section>\n\n\n\n<section>\n<div class=\"sx w100\">\n<div class=\"pad_su_giu\">\n<h3><em>\u201cIl corpo pu\u00f2 aver subito incidenti, malattie, distorsioni nella forma e nella funzione, ma nel profondo ricorda la perfezione, il rilascio, la leggerezza, la fluidit\u00e0, rilassamento e gioia\u2026\u201d<\/em> (Usha Heller)<\/h3>\n<p>Visita anche la pagina dei <a href=\"https:\/\/youtu.be\/eW0lvOVKDxE?si=DYBP7YbwtMAVj4Wa\">TESTIMONIAL<\/a> per vedere i resoconti su altri &#8216;effetti collaterali&#8217; positivi&#8230;<\/p>\n<p>Guarda lo spettacolare video del <a href=\"?page_id=975&quot;\">Dr. Jean-Claude Guimberteau<\/a> sulla fascia e il tessuto connettivo miofasciale.<\/p>\n<div class=\"btn \"><a href=\"?page_id=968&quot;\">Contatta Naseem<\/a><\/div>\n<\/div>\n<\/div>\n<\/section>\n\n\n\n<p><\/p>\n","protected":false},"excerpt":{"rendered":"<p>Usha Heller method with Naseem ROBERTO BAFFA l metodo di Allineamento Strutturale Miofasciale (MSA) \u00e8 una forma innovativa di trattamento specialistico che agisce attraverso la fascia e il tessuto connettivo per liberare i muscoli, facilitare l\u2019allineamento scheletrico e ripristinare una postura naturale e un movimento fluido. ALLINEAMENTO STRUTTURALE MIOFASCIALE (MSA) Il Metodo MSA \u00e8 stato [&hellip;]<\/p>\n","protected":false},"author":1,"featured_media":3717,"parent":0,"menu_order":0,"comment_status":"closed","ping_status":"closed","template":"page-method_msa.php","meta":{"ngg_post_thumbnail":0,"footnotes":""},"class_list":["post-3379","page","type-page","status-publish","has-post-thumbnail","hentry"],"yoast_head":"<!-- This site is optimized with the Yoast SEO plugin v24.2 - https:\/\/yoast.com\/wordpress\/plugins\/seo\/ -->\n<title>METODO MSA - Naseem Touch<\/title>\n<meta name=\"description\" content=\"Allineamento Strutturale Miofasciale (MSA) | Un metodo innovativo per rilasciare fascia e muscoli, riallineare lo scheletro e facilitare la postura naturale\" \/>\n<meta name=\"robots\" content=\"index, follow, max-snippet:-1, max-image-preview:large, max-video-preview:-1\" \/>\n<link rel=\"canonical\" href=\"https:\/\/www.naseemtouch.com\/it\/metodo-msa\/\" \/>\n<meta property=\"og:locale\" content=\"it_IT\" \/>\n<meta property=\"og:type\" content=\"article\" \/>\n<meta property=\"og:title\" content=\"METODO MSA - Naseem Touch\" \/>\n<meta property=\"og:description\" content=\"Allineamento Strutturale Miofasciale (MSA) | Un metodo innovativo per rilasciare fascia e muscoli, riallineare lo scheletro e facilitare la postura naturale\" \/>\n<meta property=\"og:url\" content=\"https:\/\/www.naseemtouch.com\/it\/metodo-msa\/\" \/>\n<meta property=\"og:site_name\" content=\"Naseem Touch\" \/>\n<meta property=\"article:publisher\" content=\"https:\/\/www.facebook.com\/NaseemBodySoulArt\/\" \/>\n<meta property=\"article:modified_time\" content=\"2025-01-01T08:17:47+00:00\" \/>\n<meta property=\"og:image\" content=\"http:\/\/www.naseemtouch.com\/wp-content\/uploads\/2024\/12\/SLIDE-6-HEADER-MSA-.jpg\" \/>\n\t<meta property=\"og:image:width\" content=\"2348\" \/>\n\t<meta property=\"og:image:height\" content=\"1174\" \/>\n\t<meta property=\"og:image:type\" content=\"image\/jpeg\" \/>\n<meta name=\"twitter:card\" content=\"summary_large_image\" \/>\n<meta name=\"twitter:label1\" content=\"Tempo di lettura stimato\" \/>\n\t<meta name=\"twitter:data1\" content=\"5 minuti\" \/>\n<script type=\"application\/ld+json\" class=\"yoast-schema-graph\">{\"@context\":\"https:\/\/schema.org\",\"@graph\":[{\"@type\":\"WebPage\",\"@id\":\"https:\/\/www.naseemtouch.com\/it\/metodo-msa\/\",\"url\":\"https:\/\/www.naseemtouch.com\/it\/metodo-msa\/\",\"name\":\"METODO MSA - Naseem Touch\",\"isPartOf\":{\"@id\":\"https:\/\/www.naseemtouch.com\/it\/#website\"},\"primaryImageOfPage\":{\"@id\":\"https:\/\/www.naseemtouch.com\/it\/metodo-msa\/#primaryimage\"},\"image\":{\"@id\":\"https:\/\/www.naseemtouch.com\/it\/metodo-msa\/#primaryimage\"},\"thumbnailUrl\":\"https:\/\/www.naseemtouch.com\/wp-content\/uploads\/2024\/12\/SLIDE-6-HEADER-MSA-.jpg\",\"datePublished\":\"2024-12-28T18:24:19+00:00\",\"dateModified\":\"2025-01-01T08:17:47+00:00\",\"description\":\"Allineamento Strutturale Miofasciale (MSA) | Un metodo innovativo per rilasciare fascia e muscoli, riallineare lo scheletro e facilitare la postura naturale\",\"breadcrumb\":{\"@id\":\"https:\/\/www.naseemtouch.com\/it\/metodo-msa\/#breadcrumb\"},\"inLanguage\":\"it-IT\",\"potentialAction\":[{\"@type\":\"ReadAction\",\"target\":[\"https:\/\/www.naseemtouch.com\/it\/metodo-msa\/\"]}]},{\"@type\":\"ImageObject\",\"inLanguage\":\"it-IT\",\"@id\":\"https:\/\/www.naseemtouch.com\/it\/metodo-msa\/#primaryimage\",\"url\":\"https:\/\/www.naseemtouch.com\/wp-content\/uploads\/2024\/12\/SLIDE-6-HEADER-MSA-.jpg\",\"contentUrl\":\"https:\/\/www.naseemtouch.com\/wp-content\/uploads\/2024\/12\/SLIDE-6-HEADER-MSA-.jpg\",\"width\":2348,\"height\":1174},{\"@type\":\"BreadcrumbList\",\"@id\":\"https:\/\/www.naseemtouch.com\/it\/metodo-msa\/#breadcrumb\",\"itemListElement\":[{\"@type\":\"ListItem\",\"position\":1,\"name\":\"Home\",\"item\":\"https:\/\/www.naseemtouch.com\/it\/\"},{\"@type\":\"ListItem\",\"position\":2,\"name\":\"METODO MSA\"}]},{\"@type\":\"WebSite\",\"@id\":\"https:\/\/www.naseemtouch.com\/it\/#website\",\"url\":\"https:\/\/www.naseemtouch.com\/it\/\",\"name\":\"Naseem Touch\",\"description\":\"\",\"potentialAction\":[{\"@type\":\"SearchAction\",\"target\":{\"@type\":\"EntryPoint\",\"urlTemplate\":\"https:\/\/www.naseemtouch.com\/it\/?s={search_term_string}\"},\"query-input\":{\"@type\":\"PropertyValueSpecification\",\"valueRequired\":true,\"valueName\":\"search_term_string\"}}],\"inLanguage\":\"it-IT\"}]}<\/script>\n<!-- \/ Yoast SEO plugin. -->","yoast_head_json":{"title":"METODO MSA - Naseem Touch","description":"Allineamento Strutturale Miofasciale (MSA) | Un metodo innovativo per rilasciare fascia e muscoli, riallineare lo scheletro e facilitare la postura naturale","robots":{"index":"index","follow":"follow","max-snippet":"max-snippet:-1","max-image-preview":"max-image-preview:large","max-video-preview":"max-video-preview:-1"},"canonical":"https:\/\/www.naseemtouch.com\/it\/metodo-msa\/","og_locale":"it_IT","og_type":"article","og_title":"METODO MSA - Naseem Touch","og_description":"Allineamento Strutturale Miofasciale (MSA) | Un metodo innovativo per rilasciare fascia e muscoli, riallineare lo scheletro e facilitare la postura naturale","og_url":"https:\/\/www.naseemtouch.com\/it\/metodo-msa\/","og_site_name":"Naseem Touch","article_publisher":"https:\/\/www.facebook.com\/NaseemBodySoulArt\/","article_modified_time":"2025-01-01T08:17:47+00:00","og_image":[{"width":2348,"height":1174,"url":"http:\/\/www.naseemtouch.com\/wp-content\/uploads\/2024\/12\/SLIDE-6-HEADER-MSA-.jpg","type":"image\/jpeg"}],"twitter_card":"summary_large_image","twitter_misc":{"Tempo di lettura stimato":"5 minuti"},"schema":{"@context":"https:\/\/schema.org","@graph":[{"@type":"WebPage","@id":"https:\/\/www.naseemtouch.com\/it\/metodo-msa\/","url":"https:\/\/www.naseemtouch.com\/it\/metodo-msa\/","name":"METODO MSA - Naseem Touch","isPartOf":{"@id":"https:\/\/www.naseemtouch.com\/it\/#website"},"primaryImageOfPage":{"@id":"https:\/\/www.naseemtouch.com\/it\/metodo-msa\/#primaryimage"},"image":{"@id":"https:\/\/www.naseemtouch.com\/it\/metodo-msa\/#primaryimage"},"thumbnailUrl":"https:\/\/www.naseemtouch.com\/wp-content\/uploads\/2024\/12\/SLIDE-6-HEADER-MSA-.jpg","datePublished":"2024-12-28T18:24:19+00:00","dateModified":"2025-01-01T08:17:47+00:00","description":"Allineamento Strutturale Miofasciale (MSA) | Un metodo innovativo per rilasciare fascia e muscoli, riallineare lo scheletro e facilitare la postura naturale","breadcrumb":{"@id":"https:\/\/www.naseemtouch.com\/it\/metodo-msa\/#breadcrumb"},"inLanguage":"it-IT","potentialAction":[{"@type":"ReadAction","target":["https:\/\/www.naseemtouch.com\/it\/metodo-msa\/"]}]},{"@type":"ImageObject","inLanguage":"it-IT","@id":"https:\/\/www.naseemtouch.com\/it\/metodo-msa\/#primaryimage","url":"https:\/\/www.naseemtouch.com\/wp-content\/uploads\/2024\/12\/SLIDE-6-HEADER-MSA-.jpg","contentUrl":"https:\/\/www.naseemtouch.com\/wp-content\/uploads\/2024\/12\/SLIDE-6-HEADER-MSA-.jpg","width":2348,"height":1174},{"@type":"BreadcrumbList","@id":"https:\/\/www.naseemtouch.com\/it\/metodo-msa\/#breadcrumb","itemListElement":[{"@type":"ListItem","position":1,"name":"Home","item":"https:\/\/www.naseemtouch.com\/it\/"},{"@type":"ListItem","position":2,"name":"METODO MSA"}]},{"@type":"WebSite","@id":"https:\/\/www.naseemtouch.com\/it\/#website","url":"https:\/\/www.naseemtouch.com\/it\/","name":"Naseem Touch","description":"","potentialAction":[{"@type":"SearchAction","target":{"@type":"EntryPoint","urlTemplate":"https:\/\/www.naseemtouch.com\/it\/?s={search_term_string}"},"query-input":{"@type":"PropertyValueSpecification","valueRequired":true,"valueName":"search_term_string"}}],"inLanguage":"it-IT"}]}},"_links":{"self":[{"href":"https:\/\/www.naseemtouch.com\/it\/wp-json\/wp\/v2\/pages\/3379","targetHints":{"allow":["GET"]}}],"collection":[{"href":"https:\/\/www.naseemtouch.com\/it\/wp-json\/wp\/v2\/pages"}],"about":[{"href":"https:\/\/www.naseemtouch.com\/it\/wp-json\/wp\/v2\/types\/page"}],"author":[{"embeddable":true,"href":"https:\/\/www.naseemtouch.com\/it\/wp-json\/wp\/v2\/users\/1"}],"replies":[{"embeddable":true,"href":"https:\/\/www.naseemtouch.com\/it\/wp-json\/wp\/v2\/comments?post=3379"}],"version-history":[{"count":42,"href":"https:\/\/www.naseemtouch.com\/it\/wp-json\/wp\/v2\/pages\/3379\/revisions"}],"predecessor-version":[{"id":3764,"href":"https:\/\/www.naseemtouch.com\/it\/wp-json\/wp\/v2\/pages\/3379\/revisions\/3764"}],"wp:featuredmedia":[{"embeddable":true,"href":"https:\/\/www.naseemtouch.com\/it\/wp-json\/wp\/v2\/media\/3717"}],"wp:attachment":[{"href":"https:\/\/www.naseemtouch.com\/it\/wp-json\/wp\/v2\/media?parent=3379"}],"curies":[{"name":"wp","href":"https:\/\/api.w.org\/{rel}","templated":true}]}}