{"id":1101,"date":"2018-01-15T12:17:59","date_gmt":"2018-01-15T11:17:59","guid":{"rendered":"http:\/\/www.naseemtouch.com\/?page_id=1101"},"modified":"2025-01-03T07:09:38","modified_gmt":"2025-01-03T06:09:38","slug":"aym-treatment","status":"publish","type":"page","link":"https:\/\/www.naseemtouch.com\/it\/aym-treatment\/","title":{"rendered":"TRATTAMENTO AYM"},"content":{"rendered":"\n<p><strong>Metodo Kusum Modak con Naseem Roberto Baffa<\/strong><\/p>\n\n\n\n<p>Il <strong>Massaggio Yoga Ayurvedico (AYM)<\/strong> con Naseem \u00e8 un trattamento manuale terapeutico e profondamente rilassante che combina efficacemente la tradizione indiana del <strong>Massaggio Ayurvedico<\/strong> <strong>profondo<\/strong> con olii essenziali con una terapia di <strong>stretching basati sullo Yoga<\/strong>, tecniche di <strong>Rilascio Miofasciale<\/strong> e <strong>lavoro energetico<\/strong>, in un processo completo di apertura, allineamento e ringiovanimento dell\u2019intero corpo.<\/p>\n\n\n\n<p>Il <strong>trattamento AYM<\/strong> \u00e8 concepito per soddisfare tutti e apporta benefici a ogni et\u00e0 e ogni tipo di corpo.<br>Bambini e anziani, atleti e danzatori cos\u00ec come le persone pi\u00f9 sedentarie sono benvenute a giovare del <strong>tocco curativo<\/strong>.<\/p>\n\n\n\n<p>Un processo di trattamenti con il tocco di Naseem ristabilisce il <strong>benessere<\/strong> e il <strong>riallineamento<\/strong>, e promuove un <strong>corpo morbido<\/strong> e una <strong>mente calma<\/strong>. E\u2019 particolarmente indicato quando conducete una vita piena di impegni e sentite il bisogno di ritrovare <strong>energia<\/strong> ed <strong>equilibrio<\/strong>.<\/p>\n\n\n\n<div class=\"spacer\">&nbsp;<\/div>\n\n\n\n<section>\n<div class=\"cover\">\n<div class=\"parallax-window\" data-parallax=\"scroll\" data-image-src=\"http:\/\/www.naseemtouch.com\/wp-content\/uploads\/2018\/01\/8269_1600.jpg\">&nbsp;<\/div>\n<\/div>\n<\/section>\n\n\n\n<section>\n<div class=\"sx w100\">\n<h3>Naseem condivide un processo di trattamenti<br>integrativi per mantenere:<\/h3>\n<div class=\"cont_tris\">\n<div class=\"columz\"><img decoding=\"async\" src=\"http:\/\/www.naseemtouch.com\/wp-content\/uploads\/2018\/02\/nasP1320155-copia-2.jpg\" alt=\"\">&nbsp;\n<h3>MIGLIORE <strong>SALUTE<\/strong><br>NEL <strong>CORPO<\/strong><\/h3>\n<\/div>\n<div class=\"columz cent\"><img decoding=\"async\" src=\"http:\/\/www.naseemtouch.com\/wp-content\/uploads\/2018\/02\/calmin_opt.jpg\">&nbsp;\n<h3><strong>CALMA<\/strong> NELLA <strong>MENTE<\/strong><br>E NELLE <strong>EMOZIONI<\/strong><\/h3>\n<\/div>\n<div class=\"columz\"><img decoding=\"async\" src=\"http:\/\/www.naseemtouch.com\/wp-content\/uploads\/2018\/02\/grounding_opt.jpg\">&nbsp;\n<h3><strong>RADICAMENTO<\/strong> E <strong>CONSAPEVOLEZZA<\/strong><br>NELLO <strong>SPIRITO<\/strong><\/h3>\n<\/div>\n<div class=\"clear_float\">&nbsp;<\/div>\n<\/div>\n<div class=\"greca\">&nbsp;<\/div>\n<p><!--\n\n\n\n\n\n\n\n\n\n\n\n\n\n\n\n\n\n\n\n\n\n\n\n\n\n\n\n\n\n\n\n\n\n\n\n\n\n\n\n\n\n\n\n\n\n\n\n\n\n\n<div class=\"testo_intro\"><\/div>\n\n\n\n\n\n\n\n\n\n\n\n\n\n\n\n\n\n\n\n\n\n\n\n\n\n\n\n\n\n\n\n\n\n\n\n\n\n\n\n\n\n\n\n\n\n\n\n\n\n\n--><\/p><div class=\"cont_altern\">\n<div class=\"block_alt shiva2\">\n<div class=\"image\"><img decoding=\"async\" src=\"http:\/\/www.naseemtouch.com\/wp-content\/uploads\/2018\/02\/hands_opt2.jpg\"><\/div>\n<div class=\"testo\">\n<div class=\"cent_test_alt\">\n<div class=\"cent_test_alt_int\">\n<p>Il <strong>Metodo AYM<\/strong> \u00e8 stato creato dalla maestra <strong>Kusum Modak<\/strong> a Pune, in India, che ha sviluppato il tradizionale <strong>Massaggio Ayurvedico<\/strong> indiano introducendo numerosi stretching e &#8216;asana passive&#8217; provenienti dallo <strong>Yoga<\/strong>, appreso direttamente dal maestro <strong>B.K.S. Iyengar<\/strong>. Naseem ha studiato in India con Kusum Modak nel 2001 e 2002 e ha poi introdotto tecniche di massaggio Thailandese, Shiatsu e Linfodrenaggio per stimolare i diversi sistemi del corpo.<\/p>\n<\/div>\n<\/div>\n<\/div>\n<div class=\"clear_float\">&nbsp;<\/div>\n<\/div>\n<div class=\"block_alt dx shiva4\">\n<div class=\"image\"><img decoding=\"async\" src=\"http:\/\/www.naseemtouch.com\/wp-content\/uploads\/2018\/02\/0216_bis.jpg\"><\/div>\n<div class=\"testo\">\n<div class=\"cent_test_alt\">\n<div class=\"cent_test_alt_int\">\n<p>Naseem affianca pi\u00f9 di trent&#8217;anni di esperienza di lavoro sul corpo come performer e insegnante di <strong>Danza Contemporanea<\/strong> e <strong>Contact Improvisation<\/strong>, e la sua vita professionale come danzatore gli fornisce una comprensione approfondita del movimento del corpo e familiarit\u00e0 con il contatto. Il flusso della energia <strong>Reiki<\/strong> \u00e8 anche combinato in ogni sessione per stimolare, armonizzare e bilanciare anche le energie pi\u00f9 sottili del corpo.<\/p>\n<\/div>\n<\/div>\n<\/div>\n<div class=\"clear_float\">&nbsp;<\/div>\n<\/div>\n<div class=\"block_alt shiva2\">\n<div class=\"image\"><img decoding=\"async\" src=\"http:\/\/www.naseemtouch.com\/wp-content\/uploads\/2018\/01\/8166_wide.jpg\"><\/div>\n<div class=\"testo\">\n<div class=\"cent_test_alt\">\n<div class=\"cent_test_alt_int\">\n<p>Dal 2018, Naseem ha integrato nei suoi trattamenti il metodo originale di <strong>Rilascio Miofasciale<\/strong> e <strong>Allineamento Strutturale<\/strong>, appreso con la maestra <strong>Usha Heller<\/strong> a New York. Il <strong>Metodo MSA<\/strong> si basa su una chiara comprensione della postura naturale e del movimento efficiente. Combina il rilascio miofasciale con movimenti assistiti per riallineare lo scheletro e affrontare le cause strutturali delle tensioni e dei dolori cronici pi\u00f9 comuni.<\/p>\n<\/div>\n<\/div>\n<\/div>\n<div class=\"clear_float\">&nbsp;<\/div>\n<\/div>\n<div class=\"clear_float\">&nbsp;<\/div>\n<\/div>\n<\/div>\n<\/section>\n\n\n\n<section class=\"video_bg titolo\">\n<h3>BENEFICI<\/h3>\n<\/section>\n\n\n\n<section>\n<div class=\"sx w100\">\n<div class=\"benefits_cont\">\n<div class=\"testi_ben\">\n<div class=\"blocco a1\">\n<div class=\"cent_txt\">\n<div class=\"cent_txt_int\" style=\"text-align: center;\">Promuove il flusso dell\u2019energia vitale e favorisce rilassamento, consapevolezza e apertura<\/div>\n<\/div>\n<\/div>\n<div class=\"blocco a2\" style=\"text-align: center;\">\n<div class=\"cent_txt\">\n<div class=\"cent_txt_int\">Elimina lo stress e rimuove le tossine accumulate in muscoli, pelle e organi<\/div>\n<\/div>\n<\/div>\n<div class=\"blocco a3\" style=\"text-align: center;\">\n<div class=\"cent_txt\">\n<div class=\"cent_txt_int\">Migliora la capacit\u00e0 respiratoria e il metabolismo<\/div>\n<\/div>\n<\/div>\n<div class=\"blocco a4\" style=\"text-align: center;\">\n<div class=\"cent_txt\">\n<div class=\"cent_txt_int\">Stimola la circolazione sanguigna e linfatica<\/div>\n<\/div>\n<\/div>\n<div class=\"blocco a5\" style=\"text-align: center;\">\n<div class=\"cent_txt\">\n<div class=\"cent_txt_int\">Nutre, tonifica e rassoda la pelle<\/div>\n<\/div>\n<\/div>\n<div class=\"blocco a6\" style=\"text-align: center;\">\n<div class=\"cent_txt\">\n<div class=\"cent_txt_int\">Rilassa le tensioni, allevia il dolore e migliora l\u2019elasticit\u00e0 di muscoli, colonna vertebrale e tutte le articolazioni<\/div>\n<\/div>\n<\/div>\n<div class=\"blocco a7\">\n<div class=\"cent_txt\">\n<div class=\"cent_txt_int\" style=\"text-align: center;\">Riallinea il corpo, aumenta la gamma di movimento e facilita una postura sana<\/div>\n<\/div>\n<\/div>\n<\/div>\n<div class=\"img_ben\"><img decoding=\"async\" src=\"http:\/\/www.naseemtouch.com\/wp-content\/uploads\/2018\/02\/Heart-Opening20.jpg\"><\/div>\n<\/div>\n<div class=\"pad_su_giu\">Il Massaggio Yoga Ayurvedico (AYM) viene eseguito solitamente su un comodo <strong>materasso a terra<\/strong>, proprio come lo Shiatsu e il Massaggio Tradizionale Tailandese, oppure su un <strong>lettino da massaggio<\/strong>.<br>Questo trattamento completo richiede generalmente <strong>da una a due ore<\/strong> e copre sempre l&#8217;<strong>intero corpo<\/strong>.<br>I benefici immediati e prolungati nei giorni seguenti saranno notati a livello fisico, psicologico-emotivo e spirituale.<\/div>\n<\/div>\n<\/section>\n\n\n\n<section>\n<div class=\"cover\">\n<div class=\"parallax-window\" data-parallax=\"scroll\" data-image-src=\"http:\/\/www.naseemtouch.com\/wp-content\/uploads\/2018\/01\/naseem-slide-3-1.jpg\">&nbsp;<\/div>\n<p>&nbsp;<\/p>\n<\/div>\n<\/section>\n\n\n\n<section>\n<div class=\"sx w100\">\n<div class=\"pad_su_giu\">\n<h3><em>&#8220;&#8230; Un massaggio con Naseem \u00e8 come sperimentare una danza<br>e una sincronia di mente, corpo e anima &#8230;&#8221;<\/em><\/h3>\n<p>Visita anche la pagina dei <a href=\"?page_id=975&quot;\">TESTIMONIAL<\/a> per vedere i resoconti su altri &#8216;effetti collaterali&#8217; positivi&#8230;<\/p>\n<div class=\"btn \"><a href=\"?page_id=968&quot;\">Contatta Naseem<\/a><\/div>\n<\/div>\n<\/div>\n<\/section>\n\n\n\n<p>&nbsp;<\/p>\n","protected":false},"excerpt":{"rendered":"<p>Metodo Kusum Modak con Naseem Roberto Baffa Il Massaggio Yoga Ayurvedico (AYM) con Naseem \u00e8 un trattamento manuale terapeutico e profondamente rilassante che combina efficacemente la tradizione indiana del Massaggio Ayurvedico profondo con olii essenziali con una terapia di stretching basati sullo Yoga, tecniche di Rilascio Miofasciale e lavoro energetico, in un processo completo di [&hellip;]<\/p>\n","protected":false},"author":1,"featured_media":896,"parent":0,"menu_order":0,"comment_status":"closed","ping_status":"closed","template":"","meta":{"ngg_post_thumbnail":0,"footnotes":""},"class_list":["post-1101","page","type-page","status-publish","has-post-thumbnail","hentry"],"yoast_head":"<!-- This site is optimized with the Yoast SEO plugin v24.2 - https:\/\/yoast.com\/wordpress\/plugins\/seo\/ -->\n<title>TRATTAMENTO AYM - Naseem Touch<\/title>\n<meta name=\"description\" content=\"Ayurvedic Yoga Massage with Naseem Roberto Baffa. Treatments and Trainings in Europe, India and Thailand. Beginner and Professional courses in manual therapy and healing touch. Open to everyone interested.\" \/>\n<meta name=\"robots\" content=\"index, follow, max-snippet:-1, max-image-preview:large, max-video-preview:-1\" \/>\n<link rel=\"canonical\" href=\"https:\/\/www.naseemtouch.com\/it\/aym-treatment\/\" \/>\n<meta property=\"og:locale\" content=\"it_IT\" \/>\n<meta property=\"og:type\" content=\"article\" \/>\n<meta property=\"og:title\" content=\"TRATTAMENTO AYM - Naseem Touch\" \/>\n<meta property=\"og:description\" content=\"Ayurvedic Yoga Massage with Naseem Roberto Baffa. Treatments and Trainings in Europe, India and Thailand. Beginner and Professional courses in manual therapy and healing touch. Open to everyone interested.\" \/>\n<meta property=\"og:url\" content=\"https:\/\/www.naseemtouch.com\/it\/aym-treatment\/\" \/>\n<meta property=\"og:site_name\" content=\"Naseem Touch\" \/>\n<meta property=\"article:publisher\" content=\"https:\/\/www.facebook.com\/NaseemBodySoulArt\/\" \/>\n<meta property=\"article:modified_time\" content=\"2025-01-03T06:09:38+00:00\" \/>\n<meta property=\"og:image\" content=\"http:\/\/www.naseemtouch.com\/wp-content\/uploads\/2018\/05\/8269_header.jpg\" \/>\n\t<meta property=\"og:image:width\" content=\"1600\" \/>\n\t<meta property=\"og:image:height\" content=\"800\" \/>\n\t<meta property=\"og:image:type\" content=\"image\/jpeg\" \/>\n<meta name=\"twitter:card\" content=\"summary_large_image\" \/>\n<meta name=\"twitter:label1\" content=\"Tempo di lettura stimato\" \/>\n\t<meta name=\"twitter:data1\" content=\"4 minuti\" \/>\n<script type=\"application\/ld+json\" class=\"yoast-schema-graph\">{\"@context\":\"https:\/\/schema.org\",\"@graph\":[{\"@type\":\"WebPage\",\"@id\":\"https:\/\/www.naseemtouch.com\/it\/aym-treatment\/\",\"url\":\"https:\/\/www.naseemtouch.com\/it\/aym-treatment\/\",\"name\":\"TRATTAMENTO AYM - Naseem Touch\",\"isPartOf\":{\"@id\":\"https:\/\/www.naseemtouch.com\/it\/#website\"},\"primaryImageOfPage\":{\"@id\":\"https:\/\/www.naseemtouch.com\/it\/aym-treatment\/#primaryimage\"},\"image\":{\"@id\":\"https:\/\/www.naseemtouch.com\/it\/aym-treatment\/#primaryimage\"},\"thumbnailUrl\":\"https:\/\/www.naseemtouch.com\/wp-content\/uploads\/2018\/05\/8269_header.jpg\",\"datePublished\":\"2018-01-15T11:17:59+00:00\",\"dateModified\":\"2025-01-03T06:09:38+00:00\",\"description\":\"Ayurvedic Yoga Massage with Naseem Roberto Baffa. Treatments and Trainings in Europe, India and Thailand. Beginner and Professional courses in manual therapy and healing touch. Open to everyone interested.\",\"breadcrumb\":{\"@id\":\"https:\/\/www.naseemtouch.com\/it\/aym-treatment\/#breadcrumb\"},\"inLanguage\":\"it-IT\",\"potentialAction\":[{\"@type\":\"ReadAction\",\"target\":[\"https:\/\/www.naseemtouch.com\/it\/aym-treatment\/\"]}]},{\"@type\":\"ImageObject\",\"inLanguage\":\"it-IT\",\"@id\":\"https:\/\/www.naseemtouch.com\/it\/aym-treatment\/#primaryimage\",\"url\":\"https:\/\/www.naseemtouch.com\/wp-content\/uploads\/2018\/05\/8269_header.jpg\",\"contentUrl\":\"https:\/\/www.naseemtouch.com\/wp-content\/uploads\/2018\/05\/8269_header.jpg\",\"width\":1600,\"height\":800},{\"@type\":\"BreadcrumbList\",\"@id\":\"https:\/\/www.naseemtouch.com\/it\/aym-treatment\/#breadcrumb\",\"itemListElement\":[{\"@type\":\"ListItem\",\"position\":1,\"name\":\"Home\",\"item\":\"https:\/\/www.naseemtouch.com\/it\/\"},{\"@type\":\"ListItem\",\"position\":2,\"name\":\"TRATTAMENTO AYM\"}]},{\"@type\":\"WebSite\",\"@id\":\"https:\/\/www.naseemtouch.com\/it\/#website\",\"url\":\"https:\/\/www.naseemtouch.com\/it\/\",\"name\":\"Naseem Touch\",\"description\":\"\",\"potentialAction\":[{\"@type\":\"SearchAction\",\"target\":{\"@type\":\"EntryPoint\",\"urlTemplate\":\"https:\/\/www.naseemtouch.com\/it\/?s={search_term_string}\"},\"query-input\":{\"@type\":\"PropertyValueSpecification\",\"valueRequired\":true,\"valueName\":\"search_term_string\"}}],\"inLanguage\":\"it-IT\"}]}<\/script>\n<!-- \/ Yoast SEO plugin. -->","yoast_head_json":{"title":"TRATTAMENTO AYM - Naseem Touch","description":"Ayurvedic Yoga Massage with Naseem Roberto Baffa. Treatments and Trainings in Europe, India and Thailand. Beginner and Professional courses in manual therapy and healing touch. Open to everyone interested.","robots":{"index":"index","follow":"follow","max-snippet":"max-snippet:-1","max-image-preview":"max-image-preview:large","max-video-preview":"max-video-preview:-1"},"canonical":"https:\/\/www.naseemtouch.com\/it\/aym-treatment\/","og_locale":"it_IT","og_type":"article","og_title":"TRATTAMENTO AYM - Naseem Touch","og_description":"Ayurvedic Yoga Massage with Naseem Roberto Baffa. Treatments and Trainings in Europe, India and Thailand. Beginner and Professional courses in manual therapy and healing touch. Open to everyone interested.","og_url":"https:\/\/www.naseemtouch.com\/it\/aym-treatment\/","og_site_name":"Naseem Touch","article_publisher":"https:\/\/www.facebook.com\/NaseemBodySoulArt\/","article_modified_time":"2025-01-03T06:09:38+00:00","og_image":[{"width":1600,"height":800,"url":"http:\/\/www.naseemtouch.com\/wp-content\/uploads\/2018\/05\/8269_header.jpg","type":"image\/jpeg"}],"twitter_card":"summary_large_image","twitter_misc":{"Tempo di lettura stimato":"4 minuti"},"schema":{"@context":"https:\/\/schema.org","@graph":[{"@type":"WebPage","@id":"https:\/\/www.naseemtouch.com\/it\/aym-treatment\/","url":"https:\/\/www.naseemtouch.com\/it\/aym-treatment\/","name":"TRATTAMENTO AYM - Naseem Touch","isPartOf":{"@id":"https:\/\/www.naseemtouch.com\/it\/#website"},"primaryImageOfPage":{"@id":"https:\/\/www.naseemtouch.com\/it\/aym-treatment\/#primaryimage"},"image":{"@id":"https:\/\/www.naseemtouch.com\/it\/aym-treatment\/#primaryimage"},"thumbnailUrl":"https:\/\/www.naseemtouch.com\/wp-content\/uploads\/2018\/05\/8269_header.jpg","datePublished":"2018-01-15T11:17:59+00:00","dateModified":"2025-01-03T06:09:38+00:00","description":"Ayurvedic Yoga Massage with Naseem Roberto Baffa. Treatments and Trainings in Europe, India and Thailand. Beginner and Professional courses in manual therapy and healing touch. Open to everyone interested.","breadcrumb":{"@id":"https:\/\/www.naseemtouch.com\/it\/aym-treatment\/#breadcrumb"},"inLanguage":"it-IT","potentialAction":[{"@type":"ReadAction","target":["https:\/\/www.naseemtouch.com\/it\/aym-treatment\/"]}]},{"@type":"ImageObject","inLanguage":"it-IT","@id":"https:\/\/www.naseemtouch.com\/it\/aym-treatment\/#primaryimage","url":"https:\/\/www.naseemtouch.com\/wp-content\/uploads\/2018\/05\/8269_header.jpg","contentUrl":"https:\/\/www.naseemtouch.com\/wp-content\/uploads\/2018\/05\/8269_header.jpg","width":1600,"height":800},{"@type":"BreadcrumbList","@id":"https:\/\/www.naseemtouch.com\/it\/aym-treatment\/#breadcrumb","itemListElement":[{"@type":"ListItem","position":1,"name":"Home","item":"https:\/\/www.naseemtouch.com\/it\/"},{"@type":"ListItem","position":2,"name":"TRATTAMENTO AYM"}]},{"@type":"WebSite","@id":"https:\/\/www.naseemtouch.com\/it\/#website","url":"https:\/\/www.naseemtouch.com\/it\/","name":"Naseem Touch","description":"","potentialAction":[{"@type":"SearchAction","target":{"@type":"EntryPoint","urlTemplate":"https:\/\/www.naseemtouch.com\/it\/?s={search_term_string}"},"query-input":{"@type":"PropertyValueSpecification","valueRequired":true,"valueName":"search_term_string"}}],"inLanguage":"it-IT"}]}},"_links":{"self":[{"href":"https:\/\/www.naseemtouch.com\/it\/wp-json\/wp\/v2\/pages\/1101","targetHints":{"allow":["GET"]}}],"collection":[{"href":"https:\/\/www.naseemtouch.com\/it\/wp-json\/wp\/v2\/pages"}],"about":[{"href":"https:\/\/www.naseemtouch.com\/it\/wp-json\/wp\/v2\/types\/page"}],"author":[{"embeddable":true,"href":"https:\/\/www.naseemtouch.com\/it\/wp-json\/wp\/v2\/users\/1"}],"replies":[{"embeddable":true,"href":"https:\/\/www.naseemtouch.com\/it\/wp-json\/wp\/v2\/comments?post=1101"}],"version-history":[{"count":69,"href":"https:\/\/www.naseemtouch.com\/it\/wp-json\/wp\/v2\/pages\/1101\/revisions"}],"predecessor-version":[{"id":3784,"href":"https:\/\/www.naseemtouch.com\/it\/wp-json\/wp\/v2\/pages\/1101\/revisions\/3784"}],"wp:featuredmedia":[{"embeddable":true,"href":"https:\/\/www.naseemtouch.com\/it\/wp-json\/wp\/v2\/media\/896"}],"wp:attachment":[{"href":"https:\/\/www.naseemtouch.com\/it\/wp-json\/wp\/v2\/media?parent=1101"}],"curies":[{"name":"wp","href":"https:\/\/api.w.org\/{rel}","templated":true}]}}