{"id":8,"date":"2018-01-15T12:15:38","date_gmt":"2018-01-15T11:15:38","guid":{"rendered":"http:\/\/www.naseemtouch.com\/homepage\/"},"modified":"2025-03-17T17:44:44","modified_gmt":"2025-03-17T16:44:44","slug":"namaste","status":"publish","type":"page","link":"https:\/\/www.naseemtouch.com\/es\/","title":{"rendered":"Namaste"},"content":{"rendered":"<p><em>Namaste..<\/em><br \/>\nBienvenido a un viaje, abierto a todos y a todos los tipos de cuerpo, desde el contacto del cuerpo hacia Ti mismo<\/p>\n","protected":false},"excerpt":{"rendered":"<p>Namaste.. Bienvenido a un viaje, abierto a todos y a todos los tipos de cuerpo, desde el contacto del cuerpo hacia Ti mismo<\/p>\n","protected":false},"author":1,"featured_media":0,"parent":0,"menu_order":0,"comment_status":"closed","ping_status":"closed","template":"homepage.php","meta":{"ngg_post_thumbnail":0,"footnotes":""},"class_list":["post-8","page","type-page","status-publish","hentry"],"yoast_head":"<!-- This site is optimized with the Yoast SEO plugin v24.2 - https:\/\/yoast.com\/wordpress\/plugins\/seo\/ -->\n<title>Naseem Touch - Ayurvedic Yoga Massage<\/title>\n<meta name=\"description\" content=\"Masaje Ayurv\u00e9dico Yoga AYM | TRATAMIENTOS + FORMACI\u00d3N TERAPEUTA - Un m\u00e9todo original que combina el masaje de tejido profundo con estiramientos de Yoga. Cursos INTENSIVOS \/ AVANZADOS\" \/>\n<meta name=\"robots\" content=\"index, follow, max-snippet:-1, max-image-preview:large, max-video-preview:-1\" \/>\n<link rel=\"canonical\" href=\"https:\/\/www.naseemtouch.com\/es\/\" \/>\n<meta property=\"og:locale\" content=\"es_ES\" \/>\n<meta property=\"og:type\" content=\"article\" \/>\n<meta property=\"og:title\" content=\"Naseem Touch - Ayurvedic Yoga Massage\" \/>\n<meta property=\"og:description\" content=\"Masaje Ayurv\u00e9dico Yoga AYM | TRATAMIENTOS + FORMACI\u00d3N TERAPEUTA - Un m\u00e9todo original que combina el masaje de tejido profundo con estiramientos de Yoga. Cursos INTENSIVOS \/ AVANZADOS\" \/>\n<meta property=\"og:url\" content=\"https:\/\/www.naseemtouch.com\/es\/\" \/>\n<meta property=\"og:site_name\" content=\"Naseem Touch\" \/>\n<meta property=\"article:publisher\" content=\"https:\/\/www.facebook.com\/NaseemBodySoulArt\/\" \/>\n<meta property=\"article:modified_time\" content=\"2025-03-17T16:44:44+00:00\" \/>\n<meta property=\"og:image\" content=\"https:\/\/www.naseemtouch.com\/wp-content\/uploads\/2018\/02\/slide1-8.jpg\" \/>\n\t<meta property=\"og:image:width\" content=\"1600\" \/>\n\t<meta property=\"og:image:height\" content=\"800\" \/>\n\t<meta property=\"og:image:type\" content=\"image\/jpeg\" \/>\n<meta name=\"twitter:card\" content=\"summary_large_image\" \/>\n<meta name=\"twitter:label1\" content=\"Tiempo de lectura\" \/>\n\t<meta name=\"twitter:data1\" content=\"2 minutos\" \/>\n<script type=\"application\/ld+json\" class=\"yoast-schema-graph\">{\"@context\":\"https:\/\/schema.org\",\"@graph\":[{\"@type\":\"WebPage\",\"@id\":\"https:\/\/www.naseemtouch.com\/es\/\",\"url\":\"https:\/\/www.naseemtouch.com\/es\/\",\"name\":\"Naseem Touch - Ayurvedic Yoga Massage\",\"isPartOf\":{\"@id\":\"https:\/\/www.naseemtouch.com\/es\/#website\"},\"datePublished\":\"2018-01-15T11:15:38+00:00\",\"dateModified\":\"2025-03-17T16:44:44+00:00\",\"description\":\"Masaje Ayurv\u00e9dico Yoga AYM | TRATAMIENTOS + FORMACI\u00d3N TERAPEUTA - Un m\u00e9todo original que combina el masaje de tejido profundo con estiramientos de Yoga. Cursos INTENSIVOS \/ AVANZADOS\",\"breadcrumb\":{\"@id\":\"https:\/\/www.naseemtouch.com\/es\/#breadcrumb\"},\"inLanguage\":\"es\",\"potentialAction\":[{\"@type\":\"ReadAction\",\"target\":[\"https:\/\/www.naseemtouch.com\/es\/\"]}]},{\"@type\":\"BreadcrumbList\",\"@id\":\"https:\/\/www.naseemtouch.com\/es\/#breadcrumb\",\"itemListElement\":[{\"@type\":\"ListItem\",\"position\":1,\"name\":\"Home\",\"item\":\"https:\/\/www.naseemtouch.com\/es\/\"},{\"@type\":\"ListItem\",\"position\":2,\"name\":\"Namaste\"}]},{\"@type\":\"WebSite\",\"@id\":\"https:\/\/www.naseemtouch.com\/es\/#website\",\"url\":\"https:\/\/www.naseemtouch.com\/es\/\",\"name\":\"Naseem Touch\",\"description\":\"\",\"potentialAction\":[{\"@type\":\"SearchAction\",\"target\":{\"@type\":\"EntryPoint\",\"urlTemplate\":\"https:\/\/www.naseemtouch.com\/es\/?s={search_term_string}\"},\"query-input\":{\"@type\":\"PropertyValueSpecification\",\"valueRequired\":true,\"valueName\":\"search_term_string\"}}],\"inLanguage\":\"es\"}]}<\/script>\n<!-- \/ Yoast SEO plugin. -->","yoast_head_json":{"title":"Naseem Touch - Ayurvedic Yoga Massage","description":"Masaje Ayurv\u00e9dico Yoga AYM | TRATAMIENTOS + FORMACI\u00d3N TERAPEUTA - Un m\u00e9todo original que combina el masaje de tejido profundo con estiramientos de Yoga. Cursos INTENSIVOS \/ AVANZADOS","robots":{"index":"index","follow":"follow","max-snippet":"max-snippet:-1","max-image-preview":"max-image-preview:large","max-video-preview":"max-video-preview:-1"},"canonical":"https:\/\/www.naseemtouch.com\/es\/","og_locale":"es_ES","og_type":"article","og_title":"Naseem Touch - Ayurvedic Yoga Massage","og_description":"Masaje Ayurv\u00e9dico Yoga AYM | TRATAMIENTOS + FORMACI\u00d3N TERAPEUTA - Un m\u00e9todo original que combina el masaje de tejido profundo con estiramientos de Yoga. Cursos INTENSIVOS \/ AVANZADOS","og_url":"https:\/\/www.naseemtouch.com\/es\/","og_site_name":"Naseem Touch","article_publisher":"https:\/\/www.facebook.com\/NaseemBodySoulArt\/","article_modified_time":"2025-03-17T16:44:44+00:00","og_image":[{"width":1600,"height":800,"url":"https:\/\/www.naseemtouch.com\/wp-content\/uploads\/2018\/02\/slide1-8.jpg","type":"image\/jpeg"}],"twitter_card":"summary_large_image","twitter_misc":{"Tiempo de lectura":"2 minutos"},"schema":{"@context":"https:\/\/schema.org","@graph":[{"@type":"WebPage","@id":"https:\/\/www.naseemtouch.com\/es\/","url":"https:\/\/www.naseemtouch.com\/es\/","name":"Naseem Touch - Ayurvedic Yoga Massage","isPartOf":{"@id":"https:\/\/www.naseemtouch.com\/es\/#website"},"datePublished":"2018-01-15T11:15:38+00:00","dateModified":"2025-03-17T16:44:44+00:00","description":"Masaje Ayurv\u00e9dico Yoga AYM | TRATAMIENTOS + FORMACI\u00d3N TERAPEUTA - Un m\u00e9todo original que combina el masaje de tejido profundo con estiramientos de Yoga. Cursos INTENSIVOS \/ AVANZADOS","breadcrumb":{"@id":"https:\/\/www.naseemtouch.com\/es\/#breadcrumb"},"inLanguage":"es","potentialAction":[{"@type":"ReadAction","target":["https:\/\/www.naseemtouch.com\/es\/"]}]},{"@type":"BreadcrumbList","@id":"https:\/\/www.naseemtouch.com\/es\/#breadcrumb","itemListElement":[{"@type":"ListItem","position":1,"name":"Home","item":"https:\/\/www.naseemtouch.com\/es\/"},{"@type":"ListItem","position":2,"name":"Namaste"}]},{"@type":"WebSite","@id":"https:\/\/www.naseemtouch.com\/es\/#website","url":"https:\/\/www.naseemtouch.com\/es\/","name":"Naseem Touch","description":"","potentialAction":[{"@type":"SearchAction","target":{"@type":"EntryPoint","urlTemplate":"https:\/\/www.naseemtouch.com\/es\/?s={search_term_string}"},"query-input":{"@type":"PropertyValueSpecification","valueRequired":true,"valueName":"search_term_string"}}],"inLanguage":"es"}]}},"_links":{"self":[{"href":"https:\/\/www.naseemtouch.com\/es\/wp-json\/wp\/v2\/pages\/8","targetHints":{"allow":["GET"]}}],"collection":[{"href":"https:\/\/www.naseemtouch.com\/es\/wp-json\/wp\/v2\/pages"}],"about":[{"href":"https:\/\/www.naseemtouch.com\/es\/wp-json\/wp\/v2\/types\/page"}],"author":[{"embeddable":true,"href":"https:\/\/www.naseemtouch.com\/es\/wp-json\/wp\/v2\/users\/1"}],"replies":[{"embeddable":true,"href":"https:\/\/www.naseemtouch.com\/es\/wp-json\/wp\/v2\/comments?post=8"}],"version-history":[{"count":16,"href":"https:\/\/www.naseemtouch.com\/es\/wp-json\/wp\/v2\/pages\/8\/revisions"}],"predecessor-version":[{"id":1529,"href":"https:\/\/www.naseemtouch.com\/es\/wp-json\/wp\/v2\/pages\/8\/revisions\/1529"}],"wp:attachment":[{"href":"https:\/\/www.naseemtouch.com\/es\/wp-json\/wp\/v2\/media?parent=8"}],"curies":[{"name":"wp","href":"https:\/\/api.w.org\/{rel}","templated":true}]}}