{"id":3380,"date":"2024-12-29T09:06:57","date_gmt":"2024-12-29T08:06:57","guid":{"rendered":"https:\/\/www.naseemtouch.com\/?page_id=3380"},"modified":"2025-03-28T12:36:23","modified_gmt":"2025-03-28T11:36:23","slug":"metodo-aym","status":"publish","type":"page","link":"https:\/\/www.naseemtouch.com\/es\/metodo-aym\/","title":{"rendered":"METODO MSA"},"content":{"rendered":"\n<p><strong>M\u00e9todo Usha Heller con <\/strong><b>Naseem <\/b><strong>Roberto Baffa<\/strong><\/p>\n\n\n\n<p>El m\u00e9todo de <strong>Alineaci\u00f3n Estructural Miofascial (MSA)<\/strong> es una forma innovadora de tratamiento especializado que act\u00faa a trav\u00e9s de la <strong>fascia<\/strong> y el <strong>tejido conectivo<\/strong> para liberar los m\u00fasculos, facilitar la alineaci\u00f3n esquel\u00e9tica y restaurar la <strong>postura natural<\/strong> y la <strong>fluidez del movimiento<\/strong>.<\/p>\n\n\n\n<section class=\"video_bg titolo\">\n<h3>ALINEACI\u00d3N ESTRUCTURAL MIOFASCIAL (MSA)<\/h3>\n<\/section>\n\n\n\n<section class=\"video_bg\">\n<div class=\"wrapper\">\n<div class=\"container\"><iframe loading=\"lazy\" src=\"https:\/\/www.youtube.com\/embed\/x9wYVKTKML4\" width=\"560\" height=\"315\" frameborder=\"0\" allowfullscreen=\"allowfullscreen\"><\/iframe><\/div>\n<\/div>\n<\/section>\n\n\n\n<p><\/p>\n\n\n\n<p>El <strong>M\u00e9todo MSA<\/strong> fue creado en los a\u00f1os 80 en California por la maestra india <strong>Usha Heller<\/strong> y se centra en la <strong>integraci\u00f3n de la forma y la funci\u00f3n<\/strong>. Este enfoque estructural busca realinear todo el sistema esquel\u00e9tico, promoviendo <strong>un cuerpo sin dolor ni restricciones<\/strong>. Como explicaba Usha: \u201cEs un proceso completo para liberar y realinear la estructura de todo el cuerpo; lo dem\u00e1s se ajustar\u00e1 como consecuencia.\u201d Naseem se form\u00f3 directamente con Usha en Nueva York en 2018 y 2019.<br><\/p>\n\n\n\n<section class=\"video_bg titolo\">\n<h3>\u00abPaseando bajo la piel\u00bb &#8211; Dr. Jean Claude Guiberneau<\/h3>\n<\/section>\n\n\n\n<section class=\"video_bg\">\n<div class=\"wrapper\">\n<div class=\"container\"><iframe loading=\"lazy\" width=\"560\" height=\"315\" src=\"https:\/\/www.youtube.com\/embed\/eW0lvOVKDxE?si=Ga949LqFR7GXorja\" title=\"YouTube video player\" frameborder=\"0\" allow=\"accelerometer; autoplay; clipboard-write; encrypted-media; gyroscope; picture-in-picture; web-share\" referrerpolicy=\"strict-origin-when-cross-origin\" allowfullscreen><\/iframe><\/div>\n<\/div>\n<\/section>\n\n\n\n<div class=\"wp-block-group\"><div class=\"wp-block-group__inner-container is-layout-constrained wp-block-group-is-layout-constrained\">\n<section>\n<div class=\"sx w100\">\n<h3>Naseem propone un proceso de tratamiento integrador para:<\/h3>\n<div class=\"cont_tris\">\n<div class=\"columz\"><img decoding=\"async\" src=\"http:\/\/www.naseemtouch.com\/wp-content\/uploads\/2024\/12\/QUAD-6-4.png\" alt=\"\">&nbsp;\n<h3><strong>LIBERAR<\/strong> LA <strong>FASCIA<\/strong> Y<br>TODOS LOS <strong>M\u00daSCULOS<\/strong><\/h3>\n<\/div>\n<div class=\"columz cent\"><img decoding=\"async\" src=\"http:\/\/www.naseemtouch.com\/wp-content\/uploads\/2024\/12\/QUAD-1-1.png\">&nbsp;\n<h3><strong>REALINEAR<\/strong> TODO<br>EL <strong>ESQUELETO<\/strong><\/h3>\n<\/div>\n<div class=\"columz\"><img decoding=\"async\" src=\"http:\/\/www.naseemtouch.com\/wp-content\/uploads\/2024\/12\/QUAD-POSTURE.png\">&nbsp;\n<h3><strong>REEDUCAR<\/strong> LA <strong>POSTURA<br>NATURAL<\/strong> Y <strong>SALUDABLE<\/strong><\/h3>\n<\/div>\n<div class=\"clear_float\">&nbsp;<\/div>\n<\/div>\n<div class=\"greca\">&nbsp;<\/div>\n<!--<p>\n\n\n<div class=\"testo_intro\"><\/div>\n\n\n<\/p>-->\n<div class=\"cont_altern\">\n<div class=\"block_alt shiva2\">\n<div class=\"image\"><img decoding=\"async\" src=\"http:\/\/www.naseemtouch.com\/wp-content\/uploads\/2024\/12\/FASCIA-GUIMBERTEAU-copia-2-1.jpg\"><\/div>\n<div class=\"testo\">\n<div class=\"cent_test_alt\">\n<div class=\"cent_test_alt_int\">\n<p>La <strong>fascia<\/strong> es una vasta red de <strong>tejido conectivo<\/strong>, similar a una delgada telara\u00f1a compuesta por <strong>elastina<\/strong> y <strong>col\u00e1geno<\/strong>, que conecta m\u00fasculos y huesos, \u00f3rganos, vasos sangu\u00edneos y nervios. Tambi\u00e9n act\u00faa como lubricante, reduciendo la fricci\u00f3n durante el movimiento. Su <strong>tensigridad<\/strong> \u2013 el equilibrio entre tensi\u00f3n e integridad \u2013 proporciona estabilidad y flexibilidad al cuerpo, mientras gracias a sus <strong>propiedades tixotr\u00f3picas<\/strong>, la fascia puede pasar de un estado s\u00f3lido y r\u00edgido a uno m\u00e1s l\u00edquido y el\u00e1stico. Todo en el cuerpo est\u00e1 rodeado por capas de fascia y debe interactuar con ella.<\/p>\n<\/div>\n<\/div>\n<\/div>\n<div class=\"clear_float\">&nbsp;<\/div>\n<\/div>\n<div class=\"block_alt dx shiva4\">\n<div class=\"image\"><img decoding=\"async\" src=\"http:\/\/www.naseemtouch.com\/wp-content\/uploads\/2024\/12\/PANCIA.png\"><\/div>\n<div class=\"testo\">\n<div class=\"cent_test_alt\">\n<div class=\"cent_test_alt_int\">\n<p>La fascia juega un papel crucial en la percepci\u00f3n del cuerpo, influyendo en la <strong>propiocepci\u00f3n<\/strong> (conciencia del cuerpo en el espacio) y en la <strong>interocepci\u00f3n<\/strong> (sensaciones internas del cuerpo). Cuando el cuerpo experimenta <strong>estr\u00e9s<\/strong>, <strong>traumas<\/strong> o una <strong>mala postura<\/strong>, la fascia puede endurecerse y perder elasticidad, formando bloqueos que interrumpen el movimiento y causan dolor. El m\u00e9todo MSA <strong>restaura la elasticidad<\/strong> de la fascia y su capacidad de <strong>producir fluidos<\/strong>, liberando adherencias para mejorar la funci\u00f3n y el equilibrio.<\/p>\n<\/div>\n<\/div>\n<\/div>\n<div class=\"clear_float\">&nbsp;<\/div>\n<\/div>\n<div class=\"block_alt shiva2\">\n<div class=\"image\"><img decoding=\"async\" src=\"http:\/\/www.naseemtouch.com\/wp-content\/uploads\/2024\/12\/TRIO-2-FUNCTION.png\"><\/div>\n<div class=\"testo\">\n<div class=\"cent_test_alt\">\n<div class=\"cent_test_alt_int\">\n<p>La liberaci\u00f3n fascial no solo restaura el equilibrio f\u00edsico, sino que tambi\u00e9n mejora la <strong>conexi\u00f3n emocional<\/strong>y la <strong>conciencia del yo interior<\/strong>. Cuando los traumas no se procesan, pueden crear restricciones en la fascia, causando s\u00edntomas como <strong>ansiedad<\/strong>, <strong>fatiga cr\u00f3nica<\/strong> y <strong>dolor<\/strong>. El MSA facilita la liberaci\u00f3n de esta energ\u00eda atrapada, apoyando el <strong>proceso natural de sanaci\u00f3n<\/strong> del cuerpo. Al alinear el esqueleto y liberar tensiones, el MSA impacta en todos los sistemas, mejorando la salud, la libertad de movimiento y el bienestar general.<\/p>\n<\/div>\n<\/div>\n<\/div>\n<div class=\"clear_float\">&nbsp;<\/div>\n<\/div>\n<div class=\"clear_float\">&nbsp;<\/div>\n<\/div>\n<\/div>\n<\/section>\n<\/div><\/div>\n\n\n\n<section class=\"video_bg titolo\">\n<h3>BENEFICIOS<\/h3>\n<\/section>\n\n\n\n<section>\n<div class=\"sx w100 elenchi\">\n<h3>ALIVIO del DOLOR y RECUPERACI\u00d3N<\/h3>\n<p>\u22c6 Reduce el dolor, las tensiones y los puntos gatillo, incluidos los dolores cr\u00f3nicos en la zona lumbar, el nervio ci\u00e1tico, los hombros y el cuello<\/p>\n<p>\u22c6 Ayuda a liberar adherencias y tejido cicatricial, mejorando el movimiento y la elasticidad<\/p>\n<p>\u22c6 Facilita la liberaci\u00f3n, el realineamiento y la recuperaci\u00f3n de lesiones traum\u00e1ticas en la espalda, las caderas, los hombros, los brazos, las rodillas, los tobillos, el cuello y la mand\u00edbula<\/p>\n<p>\u22c6 Alivia los s\u00edntomas de afecciones como el hombro congelado, el s\u00edndrome del t\u00fanel carpiano, la fibromialgia (FMS) y el s\u00edndrome de dolor miofascial (MPS)<\/p>\n<h3>MEJORA el MOVIMIENTO y la FUNCI\u00d3N<\/h3>\n<p>\u22c6 Corrige desequilibrios posturales y distorsiones esquel\u00e9ticas<\/p>\n<p>\u22c6 Aumenta la movilidad articular, la flexibilidad y el rango de movimiento<\/p>\n<p>\u22c6 Restaura el equilibrio muscular, la relajaci\u00f3n y relaciones \u00f3ptimas de tensi\u00f3n-longitud<\/p>\n<p>\u22c6 Mejora la eficiencia neuromuscular y reduce la hipertonicidad muscular<\/p>\n<h3>MEJORA la CIRCULACI\u00d3N y la CURACI\u00d3N<\/h3>\n<p>\u22c6 Aumenta la circulaci\u00f3n sangu\u00ednea y el suministro de ox\u00edgeno a los tejidos, reduce la inflamaci\u00f3n y fomenta la reparaci\u00f3n tisular<\/p>\n<p>\u22c6 Estimula el flujo linf\u00e1tico, apoyando el sistema inmunol\u00f3gico<\/p>\n<p>\u22c6 Regula la inflamaci\u00f3n a trav\u00e9s de la producci\u00f3n de citoquinas y promueve la reparaci\u00f3n celular mediante la actividad mitocondrial<\/p>\n<h3>ALIVIO del ESTR\u00c9S y LIBERACI\u00d3N EMOCIONAL<\/h3>\n<p>\u22c6 Libera tensiones, reduce el estr\u00e9s y fomenta la relajaci\u00f3n general<\/p>\n<p>\u22c6 Mejora la propiocepci\u00f3n (conciencia corporal en el espacio) y la interocepci\u00f3n (conciencia corporal emocional e interna)<\/p>\n<p>\u22c6 Facilita la liberaci\u00f3n emocional o de traumas, abordando las causas profundas del dolor y la tensi\u00f3n con un enfoque personalizado y consciente<\/p>\n<p>\u22c6 Favorece la conexi\u00f3n emocional con el yo interior, ayudando a procesar los traumas almacenados<\/p>\n<\/div>\n<\/section>\n\n\n\n<section>\n<div class=\"cover\">\n<div class=\"parallax-window\" data-parallax=\"scroll\" data-image-src=\"\/wp-content\/uploads\/2024\/12\/SPALLESchermata-2024-12-21-alle-17.09.31.png\">&nbsp;<\/div>\n<\/div>\n<\/section>\n\n\n\n<section>\n<div class=\"sx w100\">\n<div class=\"pad_su_giu\">\n<h3><em>El cuerpo puede haber sufrido accidentes, enfermedades, distorsiones en la forma y la funci\u00f3n, pero en su interior recuerda la perfecci\u00f3n, la ligereza, la fluidez, relajaci\u00f3n y alegr\u00eda\u2026<\/em> (Usha Heller)<\/h3>\n<p>Visite tambi\u00e9n la p\u00e1gina de los <a href=\"?page_id=1153&quot;\">TESTIMONIOS<\/a> para ver informes sobre otros &#8216;efectos colaterales&#8217; positivos&#8230;<\/p>\n<p>Mire el espectacular v\u00eddeo del <a href=\"https:\/\/youtu.be\/eW0lvOVKDxE?si=Z0Gzu8DwZtd1L27S\">Dr. Jean-Claude Guimberteau<\/a> sobre la fascia y el tejido conectivo miofascial.<\/p>\n<div class=\"btn \"><a href=\"?page_id=1150&quot;\">Contacta Naseem<\/a><\/div>\n<\/div>\n<\/div>\n<\/section>\n\n\n\n<p><\/p>\n","protected":false},"excerpt":{"rendered":"<p>M\u00e9todo Usha Heller con Naseem Roberto Baffa El m\u00e9todo de Alineaci\u00f3n Estructural Miofascial (MSA) es una forma innovadora de tratamiento especializado que act\u00faa a trav\u00e9s de la fascia y el tejido conectivo para liberar los m\u00fasculos, facilitar la alineaci\u00f3n esquel\u00e9tica y restaurar la postura natural y la fluidez del movimiento. ALINEACI\u00d3N ESTRUCTURAL MIOFASCIAL (MSA) El [&hellip;]<\/p>\n","protected":false},"author":2,"featured_media":3720,"parent":0,"menu_order":0,"comment_status":"closed","ping_status":"closed","template":"page-method_msa.php","meta":{"ngg_post_thumbnail":0,"footnotes":""},"class_list":["post-3380","page","type-page","status-publish","has-post-thumbnail","hentry"],"yoast_head":"<!-- This site is optimized with the Yoast SEO plugin v24.2 - https:\/\/yoast.com\/wordpress\/plugins\/seo\/ -->\n<title>METODO MSA - Naseem Touch<\/title>\n<meta name=\"description\" content=\"Alineaci\u00f3n Estructural Miofascial (MSA) | Un m\u00e9todo innovador para liberar la fascia y los m\u00fasculos, realinear el esqueleto y facilitar la postura natural\" \/>\n<meta name=\"robots\" content=\"index, follow, max-snippet:-1, max-image-preview:large, max-video-preview:-1\" \/>\n<link rel=\"canonical\" href=\"https:\/\/www.naseemtouch.com\/es\/metodo-aym\/\" \/>\n<meta property=\"og:locale\" content=\"es_ES\" \/>\n<meta property=\"og:type\" content=\"article\" \/>\n<meta property=\"og:title\" content=\"METODO MSA - Naseem Touch\" \/>\n<meta property=\"og:description\" content=\"Alineaci\u00f3n Estructural Miofascial (MSA) | Un m\u00e9todo innovador para liberar la fascia y los m\u00fasculos, realinear el esqueleto y facilitar la postura natural\" \/>\n<meta property=\"og:url\" content=\"https:\/\/www.naseemtouch.com\/es\/metodo-aym\/\" \/>\n<meta property=\"og:site_name\" content=\"Naseem Touch\" \/>\n<meta property=\"article:publisher\" content=\"https:\/\/www.facebook.com\/NaseemBodySoulArt\/\" \/>\n<meta property=\"article:modified_time\" content=\"2025-03-28T11:36:23+00:00\" \/>\n<meta property=\"og:image\" content=\"http:\/\/www.naseemtouch.com\/wp-content\/uploads\/2024\/12\/SLIDE-6-HEADER-MSA-.jpg\" \/>\n\t<meta property=\"og:image:width\" content=\"2348\" \/>\n\t<meta property=\"og:image:height\" content=\"1174\" \/>\n\t<meta property=\"og:image:type\" content=\"image\/jpeg\" \/>\n<meta name=\"twitter:card\" content=\"summary_large_image\" \/>\n<meta name=\"twitter:label1\" content=\"Tiempo de lectura\" \/>\n\t<meta name=\"twitter:data1\" content=\"5 minutos\" \/>\n<script type=\"application\/ld+json\" class=\"yoast-schema-graph\">{\"@context\":\"https:\/\/schema.org\",\"@graph\":[{\"@type\":\"WebPage\",\"@id\":\"https:\/\/www.naseemtouch.com\/es\/metodo-aym\/\",\"url\":\"https:\/\/www.naseemtouch.com\/es\/metodo-aym\/\",\"name\":\"METODO MSA - Naseem Touch\",\"isPartOf\":{\"@id\":\"https:\/\/www.naseemtouch.com\/es\/#website\"},\"primaryImageOfPage\":{\"@id\":\"https:\/\/www.naseemtouch.com\/es\/metodo-aym\/#primaryimage\"},\"image\":{\"@id\":\"https:\/\/www.naseemtouch.com\/es\/metodo-aym\/#primaryimage\"},\"thumbnailUrl\":\"https:\/\/www.naseemtouch.com\/wp-content\/uploads\/2024\/12\/SLIDE-6-HEADER-MSA-.jpg\",\"datePublished\":\"2024-12-29T08:06:57+00:00\",\"dateModified\":\"2025-03-28T11:36:23+00:00\",\"description\":\"Alineaci\u00f3n Estructural Miofascial (MSA) | Un m\u00e9todo innovador para liberar la fascia y los m\u00fasculos, realinear el esqueleto y facilitar la postura natural\",\"breadcrumb\":{\"@id\":\"https:\/\/www.naseemtouch.com\/es\/metodo-aym\/#breadcrumb\"},\"inLanguage\":\"es\",\"potentialAction\":[{\"@type\":\"ReadAction\",\"target\":[\"https:\/\/www.naseemtouch.com\/es\/metodo-aym\/\"]}]},{\"@type\":\"ImageObject\",\"inLanguage\":\"es\",\"@id\":\"https:\/\/www.naseemtouch.com\/es\/metodo-aym\/#primaryimage\",\"url\":\"https:\/\/www.naseemtouch.com\/wp-content\/uploads\/2024\/12\/SLIDE-6-HEADER-MSA-.jpg\",\"contentUrl\":\"https:\/\/www.naseemtouch.com\/wp-content\/uploads\/2024\/12\/SLIDE-6-HEADER-MSA-.jpg\",\"width\":2348,\"height\":1174},{\"@type\":\"BreadcrumbList\",\"@id\":\"https:\/\/www.naseemtouch.com\/es\/metodo-aym\/#breadcrumb\",\"itemListElement\":[{\"@type\":\"ListItem\",\"position\":1,\"name\":\"Home\",\"item\":\"https:\/\/www.naseemtouch.com\/es\/\"},{\"@type\":\"ListItem\",\"position\":2,\"name\":\"METODO MSA\"}]},{\"@type\":\"WebSite\",\"@id\":\"https:\/\/www.naseemtouch.com\/es\/#website\",\"url\":\"https:\/\/www.naseemtouch.com\/es\/\",\"name\":\"Naseem Touch\",\"description\":\"\",\"potentialAction\":[{\"@type\":\"SearchAction\",\"target\":{\"@type\":\"EntryPoint\",\"urlTemplate\":\"https:\/\/www.naseemtouch.com\/es\/?s={search_term_string}\"},\"query-input\":{\"@type\":\"PropertyValueSpecification\",\"valueRequired\":true,\"valueName\":\"search_term_string\"}}],\"inLanguage\":\"es\"}]}<\/script>\n<!-- \/ Yoast SEO plugin. -->","yoast_head_json":{"title":"METODO MSA - Naseem Touch","description":"Alineaci\u00f3n Estructural Miofascial (MSA) | Un m\u00e9todo innovador para liberar la fascia y los m\u00fasculos, realinear el esqueleto y facilitar la postura natural","robots":{"index":"index","follow":"follow","max-snippet":"max-snippet:-1","max-image-preview":"max-image-preview:large","max-video-preview":"max-video-preview:-1"},"canonical":"https:\/\/www.naseemtouch.com\/es\/metodo-aym\/","og_locale":"es_ES","og_type":"article","og_title":"METODO MSA - Naseem Touch","og_description":"Alineaci\u00f3n Estructural Miofascial (MSA) | Un m\u00e9todo innovador para liberar la fascia y los m\u00fasculos, realinear el esqueleto y facilitar la postura natural","og_url":"https:\/\/www.naseemtouch.com\/es\/metodo-aym\/","og_site_name":"Naseem Touch","article_publisher":"https:\/\/www.facebook.com\/NaseemBodySoulArt\/","article_modified_time":"2025-03-28T11:36:23+00:00","og_image":[{"width":2348,"height":1174,"url":"http:\/\/www.naseemtouch.com\/wp-content\/uploads\/2024\/12\/SLIDE-6-HEADER-MSA-.jpg","type":"image\/jpeg"}],"twitter_card":"summary_large_image","twitter_misc":{"Tiempo de lectura":"5 minutos"},"schema":{"@context":"https:\/\/schema.org","@graph":[{"@type":"WebPage","@id":"https:\/\/www.naseemtouch.com\/es\/metodo-aym\/","url":"https:\/\/www.naseemtouch.com\/es\/metodo-aym\/","name":"METODO MSA - Naseem Touch","isPartOf":{"@id":"https:\/\/www.naseemtouch.com\/es\/#website"},"primaryImageOfPage":{"@id":"https:\/\/www.naseemtouch.com\/es\/metodo-aym\/#primaryimage"},"image":{"@id":"https:\/\/www.naseemtouch.com\/es\/metodo-aym\/#primaryimage"},"thumbnailUrl":"https:\/\/www.naseemtouch.com\/wp-content\/uploads\/2024\/12\/SLIDE-6-HEADER-MSA-.jpg","datePublished":"2024-12-29T08:06:57+00:00","dateModified":"2025-03-28T11:36:23+00:00","description":"Alineaci\u00f3n Estructural Miofascial (MSA) | Un m\u00e9todo innovador para liberar la fascia y los m\u00fasculos, realinear el esqueleto y facilitar la postura natural","breadcrumb":{"@id":"https:\/\/www.naseemtouch.com\/es\/metodo-aym\/#breadcrumb"},"inLanguage":"es","potentialAction":[{"@type":"ReadAction","target":["https:\/\/www.naseemtouch.com\/es\/metodo-aym\/"]}]},{"@type":"ImageObject","inLanguage":"es","@id":"https:\/\/www.naseemtouch.com\/es\/metodo-aym\/#primaryimage","url":"https:\/\/www.naseemtouch.com\/wp-content\/uploads\/2024\/12\/SLIDE-6-HEADER-MSA-.jpg","contentUrl":"https:\/\/www.naseemtouch.com\/wp-content\/uploads\/2024\/12\/SLIDE-6-HEADER-MSA-.jpg","width":2348,"height":1174},{"@type":"BreadcrumbList","@id":"https:\/\/www.naseemtouch.com\/es\/metodo-aym\/#breadcrumb","itemListElement":[{"@type":"ListItem","position":1,"name":"Home","item":"https:\/\/www.naseemtouch.com\/es\/"},{"@type":"ListItem","position":2,"name":"METODO MSA"}]},{"@type":"WebSite","@id":"https:\/\/www.naseemtouch.com\/es\/#website","url":"https:\/\/www.naseemtouch.com\/es\/","name":"Naseem Touch","description":"","potentialAction":[{"@type":"SearchAction","target":{"@type":"EntryPoint","urlTemplate":"https:\/\/www.naseemtouch.com\/es\/?s={search_term_string}"},"query-input":{"@type":"PropertyValueSpecification","valueRequired":true,"valueName":"search_term_string"}}],"inLanguage":"es"}]}},"_links":{"self":[{"href":"https:\/\/www.naseemtouch.com\/es\/wp-json\/wp\/v2\/pages\/3380","targetHints":{"allow":["GET"]}}],"collection":[{"href":"https:\/\/www.naseemtouch.com\/es\/wp-json\/wp\/v2\/pages"}],"about":[{"href":"https:\/\/www.naseemtouch.com\/es\/wp-json\/wp\/v2\/types\/page"}],"author":[{"embeddable":true,"href":"https:\/\/www.naseemtouch.com\/es\/wp-json\/wp\/v2\/users\/2"}],"replies":[{"embeddable":true,"href":"https:\/\/www.naseemtouch.com\/es\/wp-json\/wp\/v2\/comments?post=3380"}],"version-history":[{"count":25,"href":"https:\/\/www.naseemtouch.com\/es\/wp-json\/wp\/v2\/pages\/3380\/revisions"}],"predecessor-version":[{"id":3843,"href":"https:\/\/www.naseemtouch.com\/es\/wp-json\/wp\/v2\/pages\/3380\/revisions\/3843"}],"wp:featuredmedia":[{"embeddable":true,"href":"https:\/\/www.naseemtouch.com\/es\/wp-json\/wp\/v2\/media\/3720"}],"wp:attachment":[{"href":"https:\/\/www.naseemtouch.com\/es\/wp-json\/wp\/v2\/media?parent=3380"}],"curies":[{"name":"wp","href":"https:\/\/api.w.org\/{rel}","templated":true}]}}