{"id":1165,"date":"2018-08-02T15:57:35","date_gmt":"2018-08-02T13:57:35","guid":{"rendered":"http:\/\/www.naseemtouch.com\/?page_id=1165"},"modified":"2018-08-02T15:57:35","modified_gmt":"2018-08-02T13:57:35","slug":"cookie-info","status":"publish","type":"page","link":"https:\/\/www.naseemtouch.com\/es\/cookie-info\/","title":{"rendered":"Cookie Info"},"content":{"rendered":"<ul>Al fine di rendere pi\u00f9 efficienti e semplici possibile i servizi offerti da questo sito web, su queste pagine vengono utilizzati i cookies. Questo viene fatto per garantire un corretto funzionamento delle procedure di navigazione.<br \/>\nNelle prossime righe definiamo la terminologia e spieghiamo come gestirli.<\/ul>\n<p>&nbsp;<\/p>\n<h2>Definizione<\/h2>\n<p>I cookies non sono altro che dei piccoli file di testo che vengono salvati nella directory del browser web dell&#8217;utente.<br \/>Esistono diversi tipi di cookies, ma sostanzialmente lo scopo principale \u00e8 quello di far funzionare nella maniera pi\u00f9 efficace possibile la piattaforma e di abilitarne determinate funzionalit\u00e0.<br \/>I cookies sono utilizzati per migliorare la navigazione globale dell&#8217;utente, in particolare:<\/p>\n<ul>\n<li>consentono di navigare in maniera efficiente da uan pagina all&#8217;altra del sito web<\/li>\n<li>memorizzano le preferenze inserite (come ad esempio la scelta di visione di una lingua) o il nome utente (nel caso di accesso ad una area riservata dedicata)<\/li>\n<li>consentono di evitare di inserire pi\u00f9 volte le stesse informazioni (come una username e password)<\/li>\n<li>misurano l&#8217;utilizzo dei servizi da parte degli utenti per ottimizzare l&#8217;esperienza di navigazione ed i servizi stessi<\/li>\n<li>e molto altro&#8230;.<\/li>\n<\/ul>\n<p>&nbsp;<\/p>\n<h2>Tipologie di cookie<\/h2>\n<p>Esistono vari tipi di cookie che possono essere utilizzati nel sito con una descrizione delle finalit\u00e0 legate all&#8217;uso:<\/p>\n<ul>\n<li>\n<h3>Cookie tecnici<\/h3>\n<p>questa tipologia di cookie sono necessari per il corretto funzionamento di alcune aree del sito.<br \/>A questa categoria appartengono i cookie persistenti e di sessione: in assenza di questi cookie, il sito o alcune porzioni di esso potrebbero non funzionare correttamente, pertanto vengono sempre utilizzati indipendentemente dalle preferenze dell&#8217;utente.<br \/>Questi cookie vengono sempre inviati dal nostro dominio, e sono impostati con una durata massima di 30 giorni, a meno che non operiate voi alla pulizia dei cookie dal vostro browser<\/li>\n<p>&nbsp;<\/p>\n<li>\n<h3>Cookie analitici<\/h3>\n<p>questi sono utilizzati per raccogliere informazioni sull&#8217;utilizzo del sito. Vengono utilizzati dal Titolare per analisi statistiche, per migliorare il sito e semplificarne l&#8217;utilizzo, oltre che per monitorarne il corretto funzionamento.<br \/>Le informazioni raccolte sono totalmente anonime sull&#8217;attivit\u00e0 svolte dagli utenti nel sito e sul modo in cui sono arrivati al sito e le pagine visitate.<br \/>Questa categoria di cookie viene inviata dal sito stesso o da domini di terze parti<\/li>\n<p>&nbsp;<\/p>\n<li>\n<h3>Cookie di rilevamento di terze parti<\/h3>\n<p>I cookie di questo tipo vengono utilizzati per raccogliere informazioni sull&#8217;utilizzo del sito web da parte dei visitatori, le parole chiave utilizzate per raggiungere il sito, i siti web visitati e le origini del traffico da cui provengono i visitatori per le campagne di marketing.<br \/>Il titolare pu\u00f2 usufruire di tali informazioni per compilare rapporti e migliorare le funzionalit\u00e0 del sito.<br \/>Anche questi cookie sono raccolti in forma anonima e vengono inviati dal sito stesso o da domini di terze parti<\/li>\n<p>&nbsp;<\/p>\n<li>\n<h3>Cookie per l&#8217;integrazione di funzionalit\u00e0 di terze parti<\/h3>\n<p>I cookie appartenenti a questa tipologia sono utilizzati per integrare funzionalit\u00e0 di terzi, come ad esempio moduli per i commenti, icone di social network che consentono ai visitatori di condividere il contenuto del sito.<br \/>Questi cookie possono essere inviati da domini di siti partner o comunque che offrono funzionalit\u00e0 presenti nel sito.<\/li>\n<\/ul>\n<p>Il presente sito web non fa uso di COOKIE DI PROFILAZIONE, per i quali la normativa specifica precise indicazioni da seguire per informare l&#8217;Utente e far gestire il proprio consenso.<br \/>\n<br \/>Il titolare non \u00e8 tenuto a richiedere consenso all&#8217;utente per cookie tecnici in quanto sono strettamente necessari per la fornitura dello specifico servizio.<br \/>Per le altre tipologie di cookie il consenso pu\u00f2 essere espresso dall&#8217;utente, conformemente alle normative vigenti, mediante specifiche configurazioni del proprio browser e di programmi informatici o di dispositivi che siano di facile e chiara fruibilit\u00e0 da parte dell&#8217;utente.<br \/>Il titolare ricorda all&#8217;utente che \u00e8 possibile modificare le preferenze sull&#8217;uso dei cookie in qualunque momento, anche disabilitando in qualsiasi momento i cookie dalle impostazioni del browser, ma questa operazione potrebbe impedire la corretta erogazione di alcuni servizi dal sito in questione.<br \/>\nInseriamo qui di seguito anche il link video ufficiale realizzato dal Garante della Privacy che spiega in maniera esaustiva cosa sono i cookie e le istruzioni d&#8217;uso:<a href=\"https:\/\/youtu.be\/Mut-YXSExnw\" target=\"_blank\">https:\/\/youtu.be\/Mut-YXSExnw<\/a><\/p>\n<h2>Durata dei cookie<\/h2>\n<p>Alcune tipologie di cookie, definiti cookie di sessione, rimangono attivi fino alla chiusura del browser, oppure, in caso di accesso ad aree riservate, fino all&#8217;esecuzione del comando di logout.<br \/>Altri cookie \u00absopravvivono\u00bb e restano disponibili anche successivamente alle prossime visite dell&#8217;utente.<br \/>Questi cookie, definiti \u00abpersistenti\u00bb, vedono la loro durata fissata dal server al momento della loro creazione, in alcuni casi la durata \u00e8 illimitata, in altri casi la durata \u00e8 fissata ad una scadenza.<br \/>Resta comunque implicito che, anche in base alle impostazioni del vostro browser, questi cookie potrebbero essere cancellati ancor prima della loro scadenza a seguito della pulizia della cache del browser, se appunto tale impostazione \u00e8 attiva o richiamata manualmente dall&#8217;Utente.<\/p>\n<h2>Gestione dei cookie<\/h2>\n<p>L&#8217;utente, come gi\u00e0 detto nei paragrafi precedenti, pu\u00f2 decidere se accettare o meno i cookie, anche quelli anonimi sopra descritti, interagento con le impostazioni del proprio browser.<br \/>Poniamo l&#8217;attenzione sul fatto che la disabilitazione totale o parziale di cookie tecnici pu\u00f2 compromettere l&#8217;utilizzo delle funzionalit\u00e0 del sito.<br \/>La disabilitazione dei cookie di \u00abterze parti\u00bb non pregiudica in alcun modo la navigabilit\u00e0. Tali impostazioni possono anche essere definite in modo specifico per i diversi siti e applicazioni web. Rimandiamo ai siti web ufficiali dei produttori dei browser principali per approfondire tali funzionalit\u00e0:<\/p>\n<ul>\n<li>Chrome: <a href=\"https:\/\/support.google.com\/chrome\/answer\/95647?hl=it\" target=\"_blank\">https:\/\/support.google.com\/chrome\/answer\/95647?hl=it<\/a> <\/li>\n<li>Firefox: <a href=\"https:\/\/support.mozilla.org\/it\/kb\/Gestione%20dei%20cookie\" target=\"_blank\">https:\/\/support.mozilla.org\/it\/kb\/Gestione%20dei%20cookie<\/a><\/li>\n<li>Internet Explorer: <a href=\"http:\/\/windows.microsoft.com\/it-it\/windows7\/how-to-manage-cookies-in-internet-explorer-9\" target=\"_blank\">http:\/\/windows.microsoft.com\/it-it\/windows7\/how-to-manage-cookies-in-internet-explorer-9<\/a><\/li>\n<li>Opera: <a href=\"http:\/\/help.opera.com\/Windows\/10.00\/it\/cookies.html\" target=\"_blank\">http:\/\/help.opera.com\/Windows\/10.00\/it\/cookies.html<\/a><\/li>\n<li>Safari: <a href=\"http:\/\/support.apple.com\/kb\/HT1677?viewlocale=it_IT\" target=\"_blank\">http:\/\/support.apple.com\/kb\/HT1677?viewlocale=it_IT<\/a><\/li>\n<\/ul>\n<p>&nbsp;<\/p>\n<h2>Cookie utilizzati sul presente sito web<\/h2>\n<p>Il sito web che state navigando utilizza i seguenti cookie:<\/p>\n<ul>\n<li>cookie tecnico di sessione, inviato dal dominio stesso, in forma anonima, per la gestione e rilevazione della lingua di pubblicazione<\/li>\n<li>cookie tecnico di sessione, inviato dal dominio stesso, in forma anonima, per la gestione dell&#8217;area riservata<\/li>\n<li>cookie tecnico analitico, inviato dal dominio e sempre in forma anonima, al fine di valutare la navigazione degli utenti ai fini statistici, quindi utilizzo di parole chiave, provenienza degli utenti<\/li>\n<li>cookie tecnico analitico, inviato da Google e sempre in forma anonima, per la gestione di Google Analytics<\/li>\n<li>cookie tecnico analitico, inviato da Google per i video incorporati da Youtube<\/li>\n<\/ul>\n<p>Non sono presenti altri cookie.<br \/>\nPer le informative e per disattivare i cookie di profilazione, non presenti sul nostro sito, ma erogati da terze parti vai sul sito <a href=\"http:\/\/www.youronlinechoices.com\/it\" target=\"_blank\">www.youronlinechoices.com\/it<\/a><\/p>\n","protected":false},"excerpt":{"rendered":"<p>Al fine di rendere pi\u00f9 efficienti e semplici possibile i servizi offerti da questo sito web, su queste pagine vengono utilizzati i cookies. Questo viene fatto per garantire un corretto funzionamento delle procedure di navigazione. Nelle prossime righe definiamo la terminologia e spieghiamo come gestirli. &nbsp; Definizione I cookies non sono altro che dei piccoli [&hellip;]<\/p>\n","protected":false},"author":1,"featured_media":0,"parent":0,"menu_order":0,"comment_status":"closed","ping_status":"closed","template":"","meta":{"ngg_post_thumbnail":0,"footnotes":""},"class_list":["post-1165","page","type-page","status-publish","hentry"],"yoast_head":"<!-- This site is optimized with the Yoast SEO plugin v24.2 - https:\/\/yoast.com\/wordpress\/plugins\/seo\/ -->\n<title>Cookie Info - Naseem Touch<\/title>\n<meta name=\"description\" content=\"Ayurvedic Yoga Massage with Naseem Roberto Baffa. Treatments and Trainings in Europe, India and Thailand. Beginner and Professional courses in manual therapy and healing touch. Open to everyone interested.\" \/>\n<meta name=\"robots\" content=\"index, follow, max-snippet:-1, max-image-preview:large, max-video-preview:-1\" \/>\n<link rel=\"canonical\" href=\"https:\/\/www.naseemtouch.com\/es\/cookie-info\/\" \/>\n<meta property=\"og:locale\" content=\"es_ES\" \/>\n<meta property=\"og:type\" content=\"article\" \/>\n<meta property=\"og:title\" content=\"Cookie Info - Naseem Touch\" \/>\n<meta property=\"og:description\" content=\"Ayurvedic Yoga Massage with Naseem Roberto Baffa. Treatments and Trainings in Europe, India and Thailand. Beginner and Professional courses in manual therapy and healing touch. Open to everyone interested.\" \/>\n<meta property=\"og:url\" content=\"https:\/\/www.naseemtouch.com\/es\/cookie-info\/\" \/>\n<meta property=\"og:site_name\" content=\"Naseem Touch\" \/>\n<meta property=\"article:publisher\" content=\"https:\/\/www.facebook.com\/NaseemBodySoulArt\/\" \/>\n<meta property=\"og:image\" content=\"https:\/\/www.naseemtouch.com\/wp-content\/uploads\/2018\/02\/slide1-8.jpg\" \/>\n\t<meta property=\"og:image:width\" content=\"1600\" \/>\n\t<meta property=\"og:image:height\" content=\"800\" \/>\n\t<meta property=\"og:image:type\" content=\"image\/jpeg\" \/>\n<meta name=\"twitter:card\" content=\"summary_large_image\" \/>\n<meta name=\"twitter:label1\" content=\"Tiempo de lectura\" \/>\n\t<meta name=\"twitter:data1\" content=\"5 minutos\" \/>\n<script type=\"application\/ld+json\" class=\"yoast-schema-graph\">{\"@context\":\"https:\/\/schema.org\",\"@graph\":[{\"@type\":\"WebPage\",\"@id\":\"https:\/\/www.naseemtouch.com\/es\/cookie-info\/\",\"url\":\"https:\/\/www.naseemtouch.com\/es\/cookie-info\/\",\"name\":\"Cookie Info - Naseem Touch\",\"isPartOf\":{\"@id\":\"https:\/\/www.naseemtouch.com\/es\/#website\"},\"datePublished\":\"2018-08-02T13:57:35+00:00\",\"dateModified\":\"2018-08-02T13:57:35+00:00\",\"description\":\"Ayurvedic Yoga Massage with Naseem Roberto Baffa. Treatments and Trainings in Europe, India and Thailand. Beginner and Professional courses in manual therapy and healing touch. Open to everyone interested.\",\"breadcrumb\":{\"@id\":\"https:\/\/www.naseemtouch.com\/es\/cookie-info\/#breadcrumb\"},\"inLanguage\":\"es\",\"potentialAction\":[{\"@type\":\"ReadAction\",\"target\":[\"https:\/\/www.naseemtouch.com\/es\/cookie-info\/\"]}]},{\"@type\":\"BreadcrumbList\",\"@id\":\"https:\/\/www.naseemtouch.com\/es\/cookie-info\/#breadcrumb\",\"itemListElement\":[{\"@type\":\"ListItem\",\"position\":1,\"name\":\"Home\",\"item\":\"https:\/\/www.naseemtouch.com\/es\/\"},{\"@type\":\"ListItem\",\"position\":2,\"name\":\"Cookie Info\"}]},{\"@type\":\"WebSite\",\"@id\":\"https:\/\/www.naseemtouch.com\/es\/#website\",\"url\":\"https:\/\/www.naseemtouch.com\/es\/\",\"name\":\"Naseem Touch\",\"description\":\"\",\"potentialAction\":[{\"@type\":\"SearchAction\",\"target\":{\"@type\":\"EntryPoint\",\"urlTemplate\":\"https:\/\/www.naseemtouch.com\/es\/?s={search_term_string}\"},\"query-input\":{\"@type\":\"PropertyValueSpecification\",\"valueRequired\":true,\"valueName\":\"search_term_string\"}}],\"inLanguage\":\"es\"}]}<\/script>\n<!-- \/ Yoast SEO plugin. -->","yoast_head_json":{"title":"Cookie Info - Naseem Touch","description":"Ayurvedic Yoga Massage with Naseem Roberto Baffa. Treatments and Trainings in Europe, India and Thailand. Beginner and Professional courses in manual therapy and healing touch. Open to everyone interested.","robots":{"index":"index","follow":"follow","max-snippet":"max-snippet:-1","max-image-preview":"max-image-preview:large","max-video-preview":"max-video-preview:-1"},"canonical":"https:\/\/www.naseemtouch.com\/es\/cookie-info\/","og_locale":"es_ES","og_type":"article","og_title":"Cookie Info - Naseem Touch","og_description":"Ayurvedic Yoga Massage with Naseem Roberto Baffa. Treatments and Trainings in Europe, India and Thailand. Beginner and Professional courses in manual therapy and healing touch. Open to everyone interested.","og_url":"https:\/\/www.naseemtouch.com\/es\/cookie-info\/","og_site_name":"Naseem Touch","article_publisher":"https:\/\/www.facebook.com\/NaseemBodySoulArt\/","og_image":[{"width":1600,"height":800,"url":"https:\/\/www.naseemtouch.com\/wp-content\/uploads\/2018\/02\/slide1-8.jpg","type":"image\/jpeg"}],"twitter_card":"summary_large_image","twitter_misc":{"Tiempo de lectura":"5 minutos"},"schema":{"@context":"https:\/\/schema.org","@graph":[{"@type":"WebPage","@id":"https:\/\/www.naseemtouch.com\/es\/cookie-info\/","url":"https:\/\/www.naseemtouch.com\/es\/cookie-info\/","name":"Cookie Info - Naseem Touch","isPartOf":{"@id":"https:\/\/www.naseemtouch.com\/es\/#website"},"datePublished":"2018-08-02T13:57:35+00:00","dateModified":"2018-08-02T13:57:35+00:00","description":"Ayurvedic Yoga Massage with Naseem Roberto Baffa. Treatments and Trainings in Europe, India and Thailand. Beginner and Professional courses in manual therapy and healing touch. Open to everyone interested.","breadcrumb":{"@id":"https:\/\/www.naseemtouch.com\/es\/cookie-info\/#breadcrumb"},"inLanguage":"es","potentialAction":[{"@type":"ReadAction","target":["https:\/\/www.naseemtouch.com\/es\/cookie-info\/"]}]},{"@type":"BreadcrumbList","@id":"https:\/\/www.naseemtouch.com\/es\/cookie-info\/#breadcrumb","itemListElement":[{"@type":"ListItem","position":1,"name":"Home","item":"https:\/\/www.naseemtouch.com\/es\/"},{"@type":"ListItem","position":2,"name":"Cookie Info"}]},{"@type":"WebSite","@id":"https:\/\/www.naseemtouch.com\/es\/#website","url":"https:\/\/www.naseemtouch.com\/es\/","name":"Naseem Touch","description":"","potentialAction":[{"@type":"SearchAction","target":{"@type":"EntryPoint","urlTemplate":"https:\/\/www.naseemtouch.com\/es\/?s={search_term_string}"},"query-input":{"@type":"PropertyValueSpecification","valueRequired":true,"valueName":"search_term_string"}}],"inLanguage":"es"}]}},"_links":{"self":[{"href":"https:\/\/www.naseemtouch.com\/es\/wp-json\/wp\/v2\/pages\/1165","targetHints":{"allow":["GET"]}}],"collection":[{"href":"https:\/\/www.naseemtouch.com\/es\/wp-json\/wp\/v2\/pages"}],"about":[{"href":"https:\/\/www.naseemtouch.com\/es\/wp-json\/wp\/v2\/types\/page"}],"author":[{"embeddable":true,"href":"https:\/\/www.naseemtouch.com\/es\/wp-json\/wp\/v2\/users\/1"}],"replies":[{"embeddable":true,"href":"https:\/\/www.naseemtouch.com\/es\/wp-json\/wp\/v2\/comments?post=1165"}],"version-history":[{"count":1,"href":"https:\/\/www.naseemtouch.com\/es\/wp-json\/wp\/v2\/pages\/1165\/revisions"}],"predecessor-version":[{"id":1166,"href":"https:\/\/www.naseemtouch.com\/es\/wp-json\/wp\/v2\/pages\/1165\/revisions\/1166"}],"wp:attachment":[{"href":"https:\/\/www.naseemtouch.com\/es\/wp-json\/wp\/v2\/media?parent=1165"}],"curies":[{"name":"wp","href":"https:\/\/api.w.org\/{rel}","templated":true}]}}