{"id":1162,"date":"2018-08-02T15:57:01","date_gmt":"2018-08-02T13:57:01","guid":{"rendered":"http:\/\/www.naseemtouch.com\/?page_id=1162"},"modified":"2024-10-25T15:27:45","modified_gmt":"2024-10-25T13:27:45","slug":"bio","status":"publish","type":"page","link":"https:\/\/www.naseemtouch.com\/es\/bio\/","title":{"rendered":"BIO"},"content":{"rendered":"<h4><em>NASEEM<\/em> ROBERTO BAFFA (Mil\u00e1n, 1973).<\/h4>\n<p>&nbsp;<\/p>\n<div class=\"shiva6\">Masajista terapeuta internacional y entrenador de masaje, maestro de Reiki, int\u00e9rprete y profesor de danza. Desde 1992 ha estado estudiando, haciendo shows y ense\u00f1ando <strong>Danza Contempor\u00e1nea<\/strong>, <strong>Teatro-Danza<\/strong> e <strong>Contact Improvisation<\/strong>. En 2005 se gradu\u00f3 con honores en <strong>Filosof\u00eda<\/strong> en la Universit\u00e0 Statale de Mil\u00e1n con una tesis sobre <em>\u00abEl alma y la danza\u00bb<\/em> en Paul Val\u00e9ry.<br \/>\n&nbsp;<br \/>\nDesde 1995 Naseem pasa una parte del a\u00f1o en <strong>India<\/strong>, donde tambi\u00e9n practica <strong>Yoga<\/strong>, <strong>Reiki<\/strong> y <strong> Meditaci\u00f3n<\/strong>. En 2001 y 2002 estudi\u00f3 con la reconocida maestra Kusum Modak en Pune, India, se especializa en <strong>Masaje Yoga Ayurvedico (AYM)<\/strong> y reconoce en esta t\u00e9cnica una herramienta extremadamente efectiva para aliviar el dolor, ayudar a las personas a sentir su potencial energ\u00e9tico y devolverles su vitalidad en diferentes niveles. En 2014 Naseem comenz\u00f3 a ense\u00f1ar el <strong>M\u00e9todo AYM<\/strong> integrando su enfoque al trabajo f\u00edsico a trav\u00e9s de su experiencia en <strong>Danza<\/strong>, <strong>Reiki<\/strong> y <strong>Meditaci\u00f3n<\/strong>.<br \/>\n&nbsp;<br \/>\nEn 2018 y 2019, en su investigaci\u00f3n contin\u00faa, Naseem viaj\u00f3 tres veces a Nueva York para estudiar intensamente un nuevo proceso de <strong>Liberaci\u00f3n Miofascial y Alineaci\u00f3n Structural (MSA)<\/strong> con la fundadora y maestra Usha Heller. El <strong>Proceso MSA<\/strong> se basa en una comprensi\u00f3n integradora de la postura natural y el movimiento fluido, combinado con la liberaci\u00f3n de tejido miofascial para realinear todo el esqueleto, y le dio a Naseem un valioso conocimiento y nuevas habilidades efectivas para liberar las causas estructurales de tensi\u00f3n cr\u00f3nica y dolor m\u00e1s comunes.<br \/>\n&nbsp;<br \/>\nDesde 2012 Naseem reside durante el verano en <strong>Ibiza<\/strong> y en invierno se mueve a <strong>Goa<\/strong>, India, y dedica su tiempo a las artes curativas, la danza y la meditaci\u00f3n. Naseem viaja regularmente a destinos espec\u00edficos para proporcionar masajes y compartir talleres de masaje y danza en <strong>Europa<\/strong> (Ibiza, Mil\u00e1n, Londres, Amsterdam, Par\u00eds, Zurich) y en <strong>India<\/strong> (Goa, Mumbai, Pune).&nbsp;A Naseem le encanta recargar energ\u00edas con el sol y el mar mientras est\u00e1 en casa, le gusta viajar por trabajo y le encanta compartir su filosof\u00eda.<\/div>\n<p>&nbsp;<\/p>\n<div class=\"btn \"><a href=\"https:\/\/www.naseemtouch.com\/es\/contactos\/\">Contacta Naseem<\/a><\/div>\n","protected":false},"excerpt":{"rendered":"<p>NASEEM ROBERTO BAFFA (Mil\u00e1n, 1973). &nbsp; Masajista terapeuta internacional y entrenador de masaje, maestro de Reiki, int\u00e9rprete y profesor de danza. Desde 1992 ha estado estudiando, haciendo shows y ense\u00f1ando Danza Contempor\u00e1nea, Teatro-Danza e Contact Improvisation. En 2005 se gradu\u00f3 con honores en Filosof\u00eda en la Universit\u00e0 Statale de Mil\u00e1n con una tesis sobre \u00abEl [&hellip;]<\/p>\n","protected":false},"author":1,"featured_media":0,"parent":0,"menu_order":0,"comment_status":"closed","ping_status":"closed","template":"","meta":{"ngg_post_thumbnail":0,"footnotes":""},"class_list":["post-1162","page","type-page","status-publish","hentry"],"yoast_head":"<!-- This site is optimized with the Yoast SEO plugin v24.2 - https:\/\/yoast.com\/wordpress\/plugins\/seo\/ -->\n<title>BIO - Naseem Touch<\/title>\n<meta name=\"description\" content=\"Ayurvedic Yoga Massage with Naseem Roberto Baffa. Treatments and Trainings in Europe, India and Thailand. Beginner and Professional courses in manual therapy and healing touch. Open to everyone interested.\" \/>\n<meta name=\"robots\" content=\"index, follow, max-snippet:-1, max-image-preview:large, max-video-preview:-1\" \/>\n<link rel=\"canonical\" href=\"https:\/\/www.naseemtouch.com\/es\/bio\/\" \/>\n<meta property=\"og:locale\" content=\"es_ES\" \/>\n<meta property=\"og:type\" content=\"article\" \/>\n<meta property=\"og:title\" content=\"BIO - Naseem Touch\" \/>\n<meta property=\"og:description\" content=\"Ayurvedic Yoga Massage with Naseem Roberto Baffa. Treatments and Trainings in Europe, India and Thailand. Beginner and Professional courses in manual therapy and healing touch. Open to everyone interested.\" \/>\n<meta property=\"og:url\" content=\"https:\/\/www.naseemtouch.com\/es\/bio\/\" \/>\n<meta property=\"og:site_name\" content=\"Naseem Touch\" \/>\n<meta property=\"article:publisher\" content=\"https:\/\/www.facebook.com\/NaseemBodySoulArt\/\" \/>\n<meta property=\"article:modified_time\" content=\"2024-10-25T13:27:45+00:00\" \/>\n<meta property=\"og:image\" content=\"https:\/\/www.naseemtouch.com\/wp-content\/uploads\/2018\/02\/slide1-8.jpg\" \/>\n\t<meta property=\"og:image:width\" content=\"1600\" \/>\n\t<meta property=\"og:image:height\" content=\"800\" \/>\n\t<meta property=\"og:image:type\" content=\"image\/jpeg\" \/>\n<meta name=\"twitter:card\" content=\"summary_large_image\" \/>\n<meta name=\"twitter:label1\" content=\"Tiempo de lectura\" \/>\n\t<meta name=\"twitter:data1\" content=\"2 minutos\" \/>\n<script type=\"application\/ld+json\" class=\"yoast-schema-graph\">{\"@context\":\"https:\/\/schema.org\",\"@graph\":[{\"@type\":\"WebPage\",\"@id\":\"https:\/\/www.naseemtouch.com\/es\/bio\/\",\"url\":\"https:\/\/www.naseemtouch.com\/es\/bio\/\",\"name\":\"BIO - Naseem Touch\",\"isPartOf\":{\"@id\":\"https:\/\/www.naseemtouch.com\/es\/#website\"},\"datePublished\":\"2018-08-02T13:57:01+00:00\",\"dateModified\":\"2024-10-25T13:27:45+00:00\",\"description\":\"Ayurvedic Yoga Massage with Naseem Roberto Baffa. Treatments and Trainings in Europe, India and Thailand. Beginner and Professional courses in manual therapy and healing touch. Open to everyone interested.\",\"breadcrumb\":{\"@id\":\"https:\/\/www.naseemtouch.com\/es\/bio\/#breadcrumb\"},\"inLanguage\":\"es\",\"potentialAction\":[{\"@type\":\"ReadAction\",\"target\":[\"https:\/\/www.naseemtouch.com\/es\/bio\/\"]}]},{\"@type\":\"BreadcrumbList\",\"@id\":\"https:\/\/www.naseemtouch.com\/es\/bio\/#breadcrumb\",\"itemListElement\":[{\"@type\":\"ListItem\",\"position\":1,\"name\":\"Home\",\"item\":\"https:\/\/www.naseemtouch.com\/es\/\"},{\"@type\":\"ListItem\",\"position\":2,\"name\":\"BIO\"}]},{\"@type\":\"WebSite\",\"@id\":\"https:\/\/www.naseemtouch.com\/es\/#website\",\"url\":\"https:\/\/www.naseemtouch.com\/es\/\",\"name\":\"Naseem Touch\",\"description\":\"\",\"potentialAction\":[{\"@type\":\"SearchAction\",\"target\":{\"@type\":\"EntryPoint\",\"urlTemplate\":\"https:\/\/www.naseemtouch.com\/es\/?s={search_term_string}\"},\"query-input\":{\"@type\":\"PropertyValueSpecification\",\"valueRequired\":true,\"valueName\":\"search_term_string\"}}],\"inLanguage\":\"es\"}]}<\/script>\n<!-- \/ Yoast SEO plugin. -->","yoast_head_json":{"title":"BIO - Naseem Touch","description":"Ayurvedic Yoga Massage with Naseem Roberto Baffa. Treatments and Trainings in Europe, India and Thailand. Beginner and Professional courses in manual therapy and healing touch. Open to everyone interested.","robots":{"index":"index","follow":"follow","max-snippet":"max-snippet:-1","max-image-preview":"max-image-preview:large","max-video-preview":"max-video-preview:-1"},"canonical":"https:\/\/www.naseemtouch.com\/es\/bio\/","og_locale":"es_ES","og_type":"article","og_title":"BIO - Naseem Touch","og_description":"Ayurvedic Yoga Massage with Naseem Roberto Baffa. Treatments and Trainings in Europe, India and Thailand. Beginner and Professional courses in manual therapy and healing touch. Open to everyone interested.","og_url":"https:\/\/www.naseemtouch.com\/es\/bio\/","og_site_name":"Naseem Touch","article_publisher":"https:\/\/www.facebook.com\/NaseemBodySoulArt\/","article_modified_time":"2024-10-25T13:27:45+00:00","og_image":[{"width":1600,"height":800,"url":"https:\/\/www.naseemtouch.com\/wp-content\/uploads\/2018\/02\/slide1-8.jpg","type":"image\/jpeg"}],"twitter_card":"summary_large_image","twitter_misc":{"Tiempo de lectura":"2 minutos"},"schema":{"@context":"https:\/\/schema.org","@graph":[{"@type":"WebPage","@id":"https:\/\/www.naseemtouch.com\/es\/bio\/","url":"https:\/\/www.naseemtouch.com\/es\/bio\/","name":"BIO - Naseem Touch","isPartOf":{"@id":"https:\/\/www.naseemtouch.com\/es\/#website"},"datePublished":"2018-08-02T13:57:01+00:00","dateModified":"2024-10-25T13:27:45+00:00","description":"Ayurvedic Yoga Massage with Naseem Roberto Baffa. Treatments and Trainings in Europe, India and Thailand. Beginner and Professional courses in manual therapy and healing touch. Open to everyone interested.","breadcrumb":{"@id":"https:\/\/www.naseemtouch.com\/es\/bio\/#breadcrumb"},"inLanguage":"es","potentialAction":[{"@type":"ReadAction","target":["https:\/\/www.naseemtouch.com\/es\/bio\/"]}]},{"@type":"BreadcrumbList","@id":"https:\/\/www.naseemtouch.com\/es\/bio\/#breadcrumb","itemListElement":[{"@type":"ListItem","position":1,"name":"Home","item":"https:\/\/www.naseemtouch.com\/es\/"},{"@type":"ListItem","position":2,"name":"BIO"}]},{"@type":"WebSite","@id":"https:\/\/www.naseemtouch.com\/es\/#website","url":"https:\/\/www.naseemtouch.com\/es\/","name":"Naseem Touch","description":"","potentialAction":[{"@type":"SearchAction","target":{"@type":"EntryPoint","urlTemplate":"https:\/\/www.naseemtouch.com\/es\/?s={search_term_string}"},"query-input":{"@type":"PropertyValueSpecification","valueRequired":true,"valueName":"search_term_string"}}],"inLanguage":"es"}]}},"_links":{"self":[{"href":"https:\/\/www.naseemtouch.com\/es\/wp-json\/wp\/v2\/pages\/1162","targetHints":{"allow":["GET"]}}],"collection":[{"href":"https:\/\/www.naseemtouch.com\/es\/wp-json\/wp\/v2\/pages"}],"about":[{"href":"https:\/\/www.naseemtouch.com\/es\/wp-json\/wp\/v2\/types\/page"}],"author":[{"embeddable":true,"href":"https:\/\/www.naseemtouch.com\/es\/wp-json\/wp\/v2\/users\/1"}],"replies":[{"embeddable":true,"href":"https:\/\/www.naseemtouch.com\/es\/wp-json\/wp\/v2\/comments?post=1162"}],"version-history":[{"count":18,"href":"https:\/\/www.naseemtouch.com\/es\/wp-json\/wp\/v2\/pages\/1162\/revisions"}],"predecessor-version":[{"id":2640,"href":"https:\/\/www.naseemtouch.com\/es\/wp-json\/wp\/v2\/pages\/1162\/revisions\/2640"}],"wp:attachment":[{"href":"https:\/\/www.naseemtouch.com\/es\/wp-json\/wp\/v2\/media?parent=1162"}],"curies":[{"name":"wp","href":"https:\/\/api.w.org\/{rel}","templated":true}]}}