{"id":1159,"date":"2018-08-02T15:56:17","date_gmt":"2018-08-02T13:56:17","guid":{"rendered":"http:\/\/www.naseemtouch.com\/?page_id=1159"},"modified":"2024-12-27T10:05:46","modified_gmt":"2024-12-27T09:05:46","slug":"formacion-aym","status":"publish","type":"page","link":"https:\/\/www.naseemtouch.com\/es\/formacion-aym\/","title":{"rendered":"Formaci\u00f3n AYM"},"content":{"rendered":"\n<p><strong>Aprenda el arte del Masaje Yoga Ayurv\u00e9dico: un viaje de sanaci\u00f3n, movimiento y cuidado personal<\/strong><\/p>\n\n\n\n<p>Emb\u00e1rcate en un viaje transformador hacia la pr\u00e1ctica original del <strong>Masaje Yoga Ayurv\u00e9dico (AYM)<\/strong>, una fusi\u00f3n terap\u00e9utica de <strong>masaje profundo con aceite<\/strong>, <strong>estiramientos basados \u200b\u200ben el yoga<\/strong> y <strong>trabajo corporal hol\u00edstico<\/strong>. Esta t\u00e9cnica de masaje de 90 minutos, desarrollada por la reconocida maestra <strong>Kusum Modak<\/strong> en Pune, India, combina la sabidur\u00eda de las tradiciones ayurv\u00e9dicas con los principios de alineaci\u00f3n del yoga <strong>B.K.S. Iyengar<\/strong>. A trav\u00e9s de este curso, aprender\u00e1s no solo a dar un masaje profundamente rejuvenecedor, sino tambi\u00e9n a cuidarte, cultivar la conciencia corporal y descubrir el arte de la curaci\u00f3n desde adentro.<\/p>\n\n\n\n<section class=\"video_bg titolo\">\n<h3>Aprende a Tocar el Cuerpo y el Alma: FORMACI\u00d3N TERAPEUTA AYM con Naseem Touch<\/h3>\n<\/section>\n\n\n\n<section class=\"video_bg\">\n<div class=\"wrapper\">\n<div class=\"container\"><iframe loading=\"lazy\" src=\"https:\/\/www.youtube.com\/embed\/E6WmK-IS6Oc\" width=\"560\" height=\"315\" frameborder=\"0\" allowfullscreen=\"allowfullscreen\"><\/iframe><\/div>\n<\/div>\n<\/section>\n\n\n\n<p><\/p>\n\n\n\n<p>Con el <strong>curso Intensivo<\/strong> (Niveles 1 \u2013 2 \/ 60 horas) aprender\u00e1s t\u00e9cnicas para relajar conscientemente la tensi\u00f3n profunda, liberar bloqueos emocionales y disolver el estr\u00e9s. Estas habilidades no solo benefician a la persona que recibe el masaje, sino que tambi\u00e9n te empoderan para reconectarte con tu propio bienestar emocional y f\u00edsico, creando un espacio de sanaci\u00f3n donde ambas almas pueden brillar.<\/p>\n\n\n\n<p>El <strong>cursos Avanzado <\/strong>(Niveles 3 \u2013 4 \/ 50 horas) se centra en la anatom\u00eda detallada del sistema musculoesquel\u00e9tico, el trabajo corporal de tejido profundo con un enfoque sin dolor, la liberaci\u00f3n miofascial y la alineaci\u00f3n postural para aprender a curar de manera consciente y efectiva los problemas f\u00edsicos m\u00e1s comunes.<\/p>\n\n\n\n<section class=\"video_bg titolo\">\n<h3>MASAJE YOGA AYURVEDICO &#8211; FORMACI\u00d3N TERAPEUTA<\/h3>\n<\/section>\n\n\n\n<section class=\"video_bg\">\n<div class=\"wrapper\">\n<div class=\"container\"><iframe loading=\"lazy\" src=\"https:\/\/www.youtube.com\/embed\/tTl_d67rK3o\" width=\"560\" height=\"315\" frameborder=\"0\" allowfullscreen=\"allowfullscreen\"><\/iframe><\/div>\n<\/div>\n<\/section>\n\n\n\n<div class=\"wp-block-group\"><div class=\"wp-block-group__inner-container is-layout-constrained wp-block-group-is-layout-constrained\">\n<section>\n<div class=\"sx w100\">\n<h3>Al final del curso, todos los participantes recibir\u00e1n un certificado,<br>un manual y podran realizar un masaje completo<br>de 60\/90\/120 minutos para todo el cuerpo usando:<\/h3>\n<div class=\"cont_tris\">\n<div class=\"columz\"><img decoding=\"async\" src=\"http:\/\/www.naseemtouch.com\/wp-content\/uploads\/2018\/02\/0240_quad.jpg\" alt=\"\">&nbsp;\n<h3><strong>MASAJE PROFUNDO<\/strong> CON <strong>ACEITES ESENCIALES<\/strong><\/h3>\n<\/div>\n<div class=\"columz cent\"><img decoding=\"async\" src=\"http:\/\/www.naseemtouch.com\/wp-content\/uploads\/2018\/05\/8302_quad.jpg\">&nbsp;\n<h3><strong>ESTIRAMIENTOS<\/strong><br>BASADOS EN EL<strong>YOGA<\/strong><\/h3>\n<\/div>\n<div class=\"columz\"><img decoding=\"async\" src=\"http:\/\/www.naseemtouch.com\/wp-content\/uploads\/2018\/02\/8027_quad.jpg\">&nbsp;\n<h3>TRABAJO CON <strong>RESPIRO<\/strong> Y CON <strong>ENERG\u00cdA<\/strong><\/h3>\n<\/div>\n<div class=\"clear_float\">&nbsp;<\/div>\n<\/div>\n<div class=\"greca\">&nbsp;<\/div>\n<!--<p>\n\n\n<div class=\"testo_intro\"><\/div>\n\n\n<\/p>-->\n<div class=\"cont_altern\">\n<div class=\"block_alt shiva2\">\n<div class=\"image\"><img decoding=\"async\" src=\"http:\/\/www.naseemtouch.com\/wp-content\/uploads\/2018\/02\/training.jpg\"><\/div>\n<div class=\"testo\">\n<div class=\"cent_test_alt\">\n<div class=\"cent_test_alt_int\">\n<p>El camino de aprendizaje sigue el M\u00e9todo <strong>Ayurvedic Yoga Massage (AYM)<\/strong> de <strong>Kusum Modak<\/strong>, aprendido de Naseem en 2001 en Pune, India, directamente por la fundadora Kusum. AYM es la fusi\u00f3n de <strong>Masaje Ayurv\u00e9dico<\/strong> Indio Tradicional y el <strong>Yoga<\/strong> de <strong>B.K.S. Iyengar<\/strong>: un masaje lento y profundo con aceite combinado con estiramientos y &#8216;asanas pasivas&#8217; (posiciones del cuerpo) para la apertura y realineaci\u00f3n de la estructura del cuerpo. Es <em>como dar y recibir una intensa sesi\u00f3n de Yoga<\/em>.<\/p>\n<\/div>\n<\/div>\n<\/div>\n<div class=\"clear_float\">&nbsp;<\/div>\n<\/div>\n<div class=\"block_alt dx shiva5\">\n<div class=\"image\"><img decoding=\"async\" src=\"http:\/\/www.naseemtouch.com\/wp-content\/uploads\/2018\/02\/03t.jpg\"><\/div>\n<div class=\"testo\">\n<div class=\"cent_test_alt\">\n<div class=\"cent_test_alt_int\">\n<p>Naseem tambi\u00e9n apoya el Metodo AYM de Kusum con su experiencia profesional en <strong>Danza Contempor\u00e1nea<\/strong> y <strong>Contact Improvisation<\/strong> para ense\u00f1ar a reconocer las posibilidades y los l\u00edmites de movimiento de cada cuerpo. Posiciones c\u00f3modas y seguras y una sensaci\u00f3n de fluidez, ritmo y cuidado en los movimientos transformar\u00e1n nuestro masaje en un gesto art\u00edstico de <em>dar y recibir una danza (de las manos y los dedos sobre una alfombra de cuero)<\/em>.<\/p>\n<\/div>\n<\/div>\n<\/div>\n<div class=\"clear_float\">&nbsp;<\/div>\n<\/div>\n<div class=\"block_alt shiva4\">\n<div class=\"image\"><img decoding=\"async\" src=\"http:\/\/www.naseemtouch.com\/wp-content\/uploads\/2018\/02\/02t.jpg\"><\/div>\n<div class=\"testo\">\n<div class=\"cent_test_alt\">\n<div class=\"cent_test_alt_int\">\n<p>Un <strong>estado Meditativo<\/strong> de Presencia total y dedicaci\u00f3n tambi\u00e9n es esencial en el enfoque de Naseem para el trabajo f\u00edsico y el gesto terap\u00e9utico. Es este sentido de lo sagrado del momento y la <strong>conexi\u00f3n fundamental con el Coraz\u00f3n<\/strong> la base sobre la cual todo el proceso de aprendizaje y, a partir de all\u00ed, la pr\u00e1ctica terap\u00e9utica hacia los dem\u00e1s puede sostenerse y desarrollarse <em>para dar (y darse) cuidado y Sanaci\u00f3n<\/em>.<\/p>\n<\/div>\n<\/div>\n<\/div>\n<div class=\"clear_float\">&nbsp;<\/div>\n<\/div>\n<div class=\"clear_float\">&nbsp;<\/div>\n<\/div>\n<\/div>\n<\/section>\n<\/div><\/div>\n\n\n\n<section class=\"video_bg titolo\">\n<h3>ARGUMENTOS DEL CURSO<\/h3>\n<\/section>\n\n\n\n<section>\n<div class=\"sx w100 elenchi\">\n<h3>NIVEL 1:<strong>INTRODUCTORIO<\/strong> (30 horas)<br>ESPALDA y HOMBROS, PIERNAS y PIES<\/h3>\n<p>APRENDER\u00c1S:<\/p>\n<p>\u22c6 Los principios fundamentales del Masaje Yoga Ayurv\u00e9dico<\/p>\n<p>\u22c6 C\u00f3mo fortalecer y alinear tu cuerpo y esp\u00edritu a trav\u00e9s de un entrenamiento basado en el Yoga, la Danza Contempor\u00e1nea y la Contact Improvisation<\/p>\n<p>\u22c6 Las t\u00e9cnicas b\u00e1sicas para masajear espalda y hombros, piernas y pies<\/p>\n<p>\u22c6 C\u00f3mo realizar la t\u00e9cnica AYM en el suelo, tal como fue concebida originalmente, y c\u00f3mo aplicarla tambi\u00e9n en una camilla de masaje<\/p>\n<p>\u22c6 C\u00f3mo ofrecer el masaje en un estado meditativo de total presencia y dedicaci\u00f3n<\/p>\n<p>\u22c6 C\u00f3mo adoptar posturas c\u00f3modas que permitan movimientos fluidos y seguros, partiendo del centro-core-hara, y utilizando el peso corporal para moverte con econom\u00eda de esfuerzo y en armon\u00eda con la respiraci\u00f3n<\/p>\n<p>\u22c6 C\u00f3mo aplicar correctamente los aceites esenciales para lubricar y estimular<\/p>\n<p>\u22c6 Una t\u00e9cnica especial con polvo curativo ayurv\u00e9dico Acorus Calamus (Vakhand) para aumentar la fricci\u00f3n y mejorar el proceso de sanaci\u00f3n<\/p>\n<p>\u22c6 T\u00e9cnicas de automasaje para reconocer y liberar puntos de tensi\u00f3n<\/p>\n<h3>NIVEL 2: <strong>INTENSIVO<\/strong> (30 horas)<br>PECHO y ABDOMEN, CUELLO y CARA + ESTIRAMIENTOS ESPEC\u00cdFICOS<\/h3>\n<p>APRENDER\u00c1S:<\/p>\n<p>\u22c6 Los fundamentos de la anatom\u00eda de las estructuras y sistemas del cuerpo humano<\/p>\n<p>\u22c6 Las t\u00e9cnicas esenciales para masajear el pecho y el abdomen, el cuello y la cara<\/p>\n<p>\u22c6 Sentir las necesidades del destinatario para calibrar presi\u00f3n y estrategia de acci\u00f3n<\/p>\n<p>\u22c6 Aprende todos los movimientos fundamentales para masajear el pecho y el vientre, el cuello y la cara<\/p>\n<p>\u22c6 Estiramientos asistidos basados en el yoga para todas las articulaciones y la columna vertebral, mejorando la movilidad y realineando la estructura corporal<\/p>\n<p>\u22c6 C\u00f3mo usar las manos y los dedos de manera eficiente y segura, sin tensionar las articulaciones ni los hombros<\/p>\n<p>\u22c6 C\u00f3mo usar los pies para liberar tensiones en los m\u00fasculos profundos de la espalda y las piernas<\/p>\n<p>\u22c6 C\u00f3mo percibir los flujos energ\u00e9ticos del cuerpo y reconocer bloqueos musculares y energ\u00e9ticos<\/p>\n<p>\u22c6 C\u00f3mo calibrar la presi\u00f3n y determinar la mejor estrategia seg\u00fan las necesidades del receptor<\/p>\n<p>\u22c6 Un m\u00e9todo hol\u00edstico para percibir la conexi\u00f3n entre cuerpo, mente, emociones y esp\u00edritu<\/p>\n<p>\u22c6 C\u00f3mo fortalecerte y protegerte energ\u00e9ticamente mientras tratas a otras personas<\/p>\n<p>\u22c6 C\u00f3mo promocionarte profesionalmente y construir una clientela leal<\/p>\n<h3>NIVEL 3: <strong>AVANZADO<\/strong> (25 horas)<br>CAPAS M\u00c1S PROFUNDAS + ESTIRAMIENTOS AVANZADOS<\/h3>\n<p>APRENDER\u00c1S:<\/p>\n<p>\u22c6 Una comprensi\u00f3n detallada de la anatom\u00eda del sistema musculoesquel\u00e9tico<\/p>\n<p>\u22c6 C\u00f3mo identificar desequilibrios posturales y distorsiones esquel\u00e9ticas<\/p>\n<p>\u22c6 C\u00f3mo abordar las causas profundas del dolor y la tensi\u00f3n, en lugar de tratar solo los s\u00edntomas, utilizando un enfoque consciente y enfocado en los objetivos<\/p>\n<p>\u22c6 Un m\u00e9todo innovador de masaje profundo de tejidos, realizado de manera segura y consciente, minimizando el dolor y evitando efectos secundarios negativos<\/p>\n<p>\u22c6 T\u00e9cnicas espec\u00edficas de masaje utilizando manos, mu\u00f1ecas, dedos, nudillos, antebrazos y codos<\/p>\n<p>\u22c6 Estiramientos avanzados basados en el yoga para articulaciones y cadenas musculares espec\u00edficas<\/p>\n<p>\u22c6 C\u00f3mo tratar el plano lateral del cuerpo para abordar de manera m\u00e1s efectiva m\u00fasculos espec\u00edficos de hombros y espalda<\/p>\n<p>\u22c6 M\u00e9todos para aliviar el dolor cr\u00f3nico en la zona lumbar y el nervio ci\u00e1tic<\/p>\n<h3>NIVEL 4: <strong>ESPECIALIZADO<\/strong> (25 horas)<br>LIBERACI\u00d3N MIOFASCIAL + TRATAMIENTOS ESPECIALIZADOS<\/h3>\n<p>APRENDER\u00c1S:<\/p>\n<p>\u22c6 Conocimientos derivados de investigaciones modernas sobre la importancia de tratar la fascia y el tejido conectivo<\/p>\n<p>\u22c6 Los principios del Liberaci\u00f3n Miofascial, con un m\u00e9todo original basado en un toque delicado y sin dolor<\/p>\n<p>\u22c6 T\u00e9cnicas espec\u00edficas para tratar las diferentes capas de los tejidos corporales<\/p>\n<p>\u22c6 Estrategias para aliviar el dolor cr\u00f3nico en hombros y cuello<\/p>\n<p>\u22c6 M\u00e9todos para facilitar la liberaci\u00f3n, el realineamiento y la recuperaci\u00f3n tras traumas en la espalda, caderas, hombros, brazos, rodillas, tobillos, cuello y mand\u00edbula<\/p>\n<p>\u22c6 Tratamientos para aliviar s\u00edntomas de condiciones como hombro congelado, s\u00edndrome del t\u00fanel carpiano, fibromialgia y s\u00edndrome de dolor miofascial<\/p>\n<p>\u22c6 C\u00f3mo facilitar y apoyar la liberaci\u00f3n emocional o traum\u00e1tica<\/p>\n<\/div>\n<\/section>\n\n\n\n<section>\n<div class=\"cover\">\n<div class=\"parallax-window\" data-parallax=\"scroll\" data-image-src=\"http:\/\/www.naseemtouch.com\/wp-content\/uploads\/2018\/02\/01t.jpg&quot;\">&nbsp;<\/div>\n<\/div>\n<\/section>\n\n\n\n<section>\n<div class=\"sx w100\">\n<div class=\"pad_su_giu\">\n<h3><em>El trabajo corporal profundo es m\u00e1s que un trabajo corporal.<br>\u00bfEst\u00e1s listo para marcar la diferencia?<\/em><\/h3>\n<p>Visite tambi\u00e9n la p\u00e1gina de los <a href=\"?page_id=1153&quot;\">TESTIMONIOS<\/a> para ver informes de personas que ya han estudiado con mi m\u00e9todo &#8216;cuerpo y alma&#8217;.<\/p><div class=\"btn \"><a href=\"?page_id=1150&quot;\">Contacta Naseem<\/a><\/div>\n<\/div>\n<\/div>\n<\/section>\n\n\n\n<p><\/p>\n","protected":false},"excerpt":{"rendered":"<p>Aprenda el arte del Masaje Yoga Ayurv\u00e9dico: un viaje de sanaci\u00f3n, movimiento y cuidado personal Emb\u00e1rcate en un viaje transformador hacia la pr\u00e1ctica original del Masaje Yoga Ayurv\u00e9dico (AYM), una fusi\u00f3n terap\u00e9utica de masaje profundo con aceite, estiramientos basados \u200b\u200ben el yoga y trabajo corporal hol\u00edstico. Esta t\u00e9cnica de masaje de 90 minutos, desarrollada por [&hellip;]<\/p>\n","protected":false},"author":1,"featured_media":3841,"parent":0,"menu_order":0,"comment_status":"closed","ping_status":"closed","template":"page-aym-training.php","meta":{"ngg_post_thumbnail":0,"footnotes":""},"class_list":["post-1159","page","type-page","status-publish","has-post-thumbnail","hentry"],"yoast_head":"<!-- This site is optimized with the Yoast SEO plugin v24.2 - https:\/\/yoast.com\/wordpress\/plugins\/seo\/ -->\n<title>Formaci\u00f3n AYM - Naseem Touch<\/title>\n<meta name=\"description\" content=\"Ayurvedic Yoga Massage Training with Naseem Roberto Baffa in Europe, India and Thailand. Beginner and Professional courses in manual therapy and healing touch. Open to everyone interested.\" \/>\n<meta name=\"robots\" content=\"index, follow, max-snippet:-1, max-image-preview:large, max-video-preview:-1\" \/>\n<link rel=\"canonical\" href=\"https:\/\/www.naseemtouch.com\/es\/formacion-aym\/\" \/>\n<meta property=\"og:locale\" content=\"es_ES\" \/>\n<meta property=\"og:type\" content=\"article\" \/>\n<meta property=\"og:title\" content=\"Formaci\u00f3n AYM - Naseem Touch\" \/>\n<meta property=\"og:description\" content=\"Ayurvedic Yoga Massage Training with Naseem Roberto Baffa in Europe, India and Thailand. Beginner and Professional courses in manual therapy and healing touch. Open to everyone interested.\" \/>\n<meta property=\"og:url\" content=\"https:\/\/www.naseemtouch.com\/es\/formacion-aym\/\" \/>\n<meta property=\"og:site_name\" content=\"Naseem Touch\" \/>\n<meta property=\"article:publisher\" content=\"https:\/\/www.facebook.com\/NaseemBodySoulArt\/\" \/>\n<meta property=\"article:modified_time\" content=\"2024-12-27T09:05:46+00:00\" \/>\n<meta property=\"og:image\" content=\"http:\/\/www.naseemtouch.com\/wp-content\/uploads\/2018\/05\/8202_header_hi.jpg\" \/>\n\t<meta property=\"og:image:width\" content=\"1600\" \/>\n\t<meta property=\"og:image:height\" content=\"800\" \/>\n\t<meta property=\"og:image:type\" content=\"image\/jpeg\" \/>\n<meta name=\"twitter:card\" content=\"summary_large_image\" \/>\n<meta name=\"twitter:label1\" content=\"Tiempo de lectura\" \/>\n\t<meta name=\"twitter:data1\" content=\"7 minutos\" \/>\n<script type=\"application\/ld+json\" class=\"yoast-schema-graph\">{\"@context\":\"https:\/\/schema.org\",\"@graph\":[{\"@type\":\"WebPage\",\"@id\":\"https:\/\/www.naseemtouch.com\/es\/formacion-aym\/\",\"url\":\"https:\/\/www.naseemtouch.com\/es\/formacion-aym\/\",\"name\":\"Formaci\u00f3n AYM - Naseem Touch\",\"isPartOf\":{\"@id\":\"https:\/\/www.naseemtouch.com\/es\/#website\"},\"primaryImageOfPage\":{\"@id\":\"https:\/\/www.naseemtouch.com\/es\/formacion-aym\/#primaryimage\"},\"image\":{\"@id\":\"https:\/\/www.naseemtouch.com\/es\/formacion-aym\/#primaryimage\"},\"thumbnailUrl\":\"https:\/\/www.naseemtouch.com\/wp-content\/uploads\/2025\/03\/8202_header_hi2.jpg\",\"datePublished\":\"2018-08-02T13:56:17+00:00\",\"dateModified\":\"2024-12-27T09:05:46+00:00\",\"description\":\"Ayurvedic Yoga Massage Training with Naseem Roberto Baffa in Europe, India and Thailand. Beginner and Professional courses in manual therapy and healing touch. Open to everyone interested.\",\"breadcrumb\":{\"@id\":\"https:\/\/www.naseemtouch.com\/es\/formacion-aym\/#breadcrumb\"},\"inLanguage\":\"es\",\"potentialAction\":[{\"@type\":\"ReadAction\",\"target\":[\"https:\/\/www.naseemtouch.com\/es\/formacion-aym\/\"]}]},{\"@type\":\"ImageObject\",\"inLanguage\":\"es\",\"@id\":\"https:\/\/www.naseemtouch.com\/es\/formacion-aym\/#primaryimage\",\"url\":\"https:\/\/www.naseemtouch.com\/wp-content\/uploads\/2025\/03\/8202_header_hi2.jpg\",\"contentUrl\":\"https:\/\/www.naseemtouch.com\/wp-content\/uploads\/2025\/03\/8202_header_hi2.jpg\",\"width\":1600,\"height\":800},{\"@type\":\"BreadcrumbList\",\"@id\":\"https:\/\/www.naseemtouch.com\/es\/formacion-aym\/#breadcrumb\",\"itemListElement\":[{\"@type\":\"ListItem\",\"position\":1,\"name\":\"Home\",\"item\":\"https:\/\/www.naseemtouch.com\/es\/\"},{\"@type\":\"ListItem\",\"position\":2,\"name\":\"Formaci\u00f3n AYM\"}]},{\"@type\":\"WebSite\",\"@id\":\"https:\/\/www.naseemtouch.com\/es\/#website\",\"url\":\"https:\/\/www.naseemtouch.com\/es\/\",\"name\":\"Naseem Touch\",\"description\":\"\",\"potentialAction\":[{\"@type\":\"SearchAction\",\"target\":{\"@type\":\"EntryPoint\",\"urlTemplate\":\"https:\/\/www.naseemtouch.com\/es\/?s={search_term_string}\"},\"query-input\":{\"@type\":\"PropertyValueSpecification\",\"valueRequired\":true,\"valueName\":\"search_term_string\"}}],\"inLanguage\":\"es\"}]}<\/script>\n<!-- \/ Yoast SEO plugin. -->","yoast_head_json":{"title":"Formaci\u00f3n AYM - Naseem Touch","description":"Ayurvedic Yoga Massage Training with Naseem Roberto Baffa in Europe, India and Thailand. Beginner and Professional courses in manual therapy and healing touch. Open to everyone interested.","robots":{"index":"index","follow":"follow","max-snippet":"max-snippet:-1","max-image-preview":"max-image-preview:large","max-video-preview":"max-video-preview:-1"},"canonical":"https:\/\/www.naseemtouch.com\/es\/formacion-aym\/","og_locale":"es_ES","og_type":"article","og_title":"Formaci\u00f3n AYM - Naseem Touch","og_description":"Ayurvedic Yoga Massage Training with Naseem Roberto Baffa in Europe, India and Thailand. Beginner and Professional courses in manual therapy and healing touch. Open to everyone interested.","og_url":"https:\/\/www.naseemtouch.com\/es\/formacion-aym\/","og_site_name":"Naseem Touch","article_publisher":"https:\/\/www.facebook.com\/NaseemBodySoulArt\/","article_modified_time":"2024-12-27T09:05:46+00:00","og_image":[{"width":1600,"height":800,"url":"http:\/\/www.naseemtouch.com\/wp-content\/uploads\/2018\/05\/8202_header_hi.jpg","type":"image\/jpeg"}],"twitter_card":"summary_large_image","twitter_misc":{"Tiempo de lectura":"7 minutos"},"schema":{"@context":"https:\/\/schema.org","@graph":[{"@type":"WebPage","@id":"https:\/\/www.naseemtouch.com\/es\/formacion-aym\/","url":"https:\/\/www.naseemtouch.com\/es\/formacion-aym\/","name":"Formaci\u00f3n AYM - Naseem Touch","isPartOf":{"@id":"https:\/\/www.naseemtouch.com\/es\/#website"},"primaryImageOfPage":{"@id":"https:\/\/www.naseemtouch.com\/es\/formacion-aym\/#primaryimage"},"image":{"@id":"https:\/\/www.naseemtouch.com\/es\/formacion-aym\/#primaryimage"},"thumbnailUrl":"https:\/\/www.naseemtouch.com\/wp-content\/uploads\/2025\/03\/8202_header_hi2.jpg","datePublished":"2018-08-02T13:56:17+00:00","dateModified":"2024-12-27T09:05:46+00:00","description":"Ayurvedic Yoga Massage Training with Naseem Roberto Baffa in Europe, India and Thailand. Beginner and Professional courses in manual therapy and healing touch. Open to everyone interested.","breadcrumb":{"@id":"https:\/\/www.naseemtouch.com\/es\/formacion-aym\/#breadcrumb"},"inLanguage":"es","potentialAction":[{"@type":"ReadAction","target":["https:\/\/www.naseemtouch.com\/es\/formacion-aym\/"]}]},{"@type":"ImageObject","inLanguage":"es","@id":"https:\/\/www.naseemtouch.com\/es\/formacion-aym\/#primaryimage","url":"https:\/\/www.naseemtouch.com\/wp-content\/uploads\/2025\/03\/8202_header_hi2.jpg","contentUrl":"https:\/\/www.naseemtouch.com\/wp-content\/uploads\/2025\/03\/8202_header_hi2.jpg","width":1600,"height":800},{"@type":"BreadcrumbList","@id":"https:\/\/www.naseemtouch.com\/es\/formacion-aym\/#breadcrumb","itemListElement":[{"@type":"ListItem","position":1,"name":"Home","item":"https:\/\/www.naseemtouch.com\/es\/"},{"@type":"ListItem","position":2,"name":"Formaci\u00f3n AYM"}]},{"@type":"WebSite","@id":"https:\/\/www.naseemtouch.com\/es\/#website","url":"https:\/\/www.naseemtouch.com\/es\/","name":"Naseem Touch","description":"","potentialAction":[{"@type":"SearchAction","target":{"@type":"EntryPoint","urlTemplate":"https:\/\/www.naseemtouch.com\/es\/?s={search_term_string}"},"query-input":{"@type":"PropertyValueSpecification","valueRequired":true,"valueName":"search_term_string"}}],"inLanguage":"es"}]}},"_links":{"self":[{"href":"https:\/\/www.naseemtouch.com\/es\/wp-json\/wp\/v2\/pages\/1159","targetHints":{"allow":["GET"]}}],"collection":[{"href":"https:\/\/www.naseemtouch.com\/es\/wp-json\/wp\/v2\/pages"}],"about":[{"href":"https:\/\/www.naseemtouch.com\/es\/wp-json\/wp\/v2\/types\/page"}],"author":[{"embeddable":true,"href":"https:\/\/www.naseemtouch.com\/es\/wp-json\/wp\/v2\/users\/1"}],"replies":[{"embeddable":true,"href":"https:\/\/www.naseemtouch.com\/es\/wp-json\/wp\/v2\/comments?post=1159"}],"version-history":[{"count":79,"href":"https:\/\/www.naseemtouch.com\/es\/wp-json\/wp\/v2\/pages\/1159\/revisions"}],"predecessor-version":[{"id":3695,"href":"https:\/\/www.naseemtouch.com\/es\/wp-json\/wp\/v2\/pages\/1159\/revisions\/3695"}],"wp:featuredmedia":[{"embeddable":true,"href":"https:\/\/www.naseemtouch.com\/es\/wp-json\/wp\/v2\/media\/3841"}],"wp:attachment":[{"href":"https:\/\/www.naseemtouch.com\/es\/wp-json\/wp\/v2\/media?parent=1159"}],"curies":[{"name":"wp","href":"https:\/\/api.w.org\/{rel}","templated":true}]}}