{"id":1156,"date":"2018-08-02T15:55:32","date_gmt":"2018-08-02T13:55:32","guid":{"rendered":"http:\/\/www.naseemtouch.com\/?page_id=1156"},"modified":"2025-01-03T07:03:32","modified_gmt":"2025-01-03T06:03:32","slug":"aym-treatment","status":"publish","type":"page","link":"https:\/\/www.naseemtouch.com\/es\/aym-treatment\/","title":{"rendered":"TRATAMIENTO AYM"},"content":{"rendered":"\n<p><strong>M\u00e9todo Kusum Modak con\u00a0Naseem\u00a0Roberto Baffa<\/strong><\/p>\n\n\n\n<p>El <strong>Masaje Yoga Ayurv\u00e9dico (AYM)<\/strong> con Naseem es un tratamiento manual profundamente relajante y terap\u00e9utico que combina eficazmente la tradici\u00f3n india de <strong>Masaje Soave y Profundo<\/strong> con aceites esenciales con una terapia de <strong>estiramientos basados en Yoga<\/strong>,\u00a0t\u00e9cnicas de\u00a0<strong>Liberaci\u00f3n Miofascial<\/strong> y <strong>trabajo Energ\u00e9tico<\/strong>, en un proceso completo de apertura, alineaci\u00f3n y rejuvenecimiento de todo el cuerpo.<\/p>\n\n\n\n<p>El <strong>tratamiento AYM<\/strong> est\u00e1 dise\u00f1ado para satisfacer a todos y ofrece beneficios a todas las edades y a todos los tipos de cuerpo. Los ni\u00f1os y los ancianos, los atletas y los bailarines, as\u00ed como las personas m\u00e1s sedentarias son bienvenidas a beneficiarse del <strong>toque curativo<\/strong>.<\/p>\n\n\n\n<p>El tratamiento AYM col toque de Naseem restaura el <strong>bienestar<\/strong> y la <strong>realineaci\u00f3n<\/strong>, y promueve un <strong>cuerpo suave<\/strong> y una <strong>mente tranquila<\/strong>. Est\u00e1 particularmente indicado cuando siente la necesidad de recuperar <strong>energ\u00eda<\/strong> y <strong>equilibrio<\/strong>.<\/p>\n\n\n\n<div class=\"spacer\">&nbsp;<\/div>\n\n\n\n<section>\n<div class=\"cover\">\n<div class=\"parallax-window\" data-parallax=\"scroll\" data-image-src=\"http:\/\/www.naseemtouch.com\/wp-content\/uploads\/2018\/01\/8269_1600.jpg\">&nbsp;<\/div>\n<\/div>\n<\/section>\n\n\n\n<section>\n<div class=\"sx w100\">\n<h3>Naseem comparte un proceso de tratamientos<br>integradores para mantener:<\/h3>\n<div class=\"cont_tris\">\n<div class=\"columz\"><img decoding=\"async\" src=\"http:\/\/www.naseemtouch.com\/wp-content\/uploads\/2018\/02\/nasP1320155-copia-2.jpg\" alt=\"\">\n<h3>MEJOR <strong>SALUD<\/strong><br>EN EL <strong>CUERPO<\/strong><\/h3>\n<\/div>\n<div class=\"columz cent\"><img decoding=\"async\" src=\"http:\/\/www.naseemtouch.com\/wp-content\/uploads\/2018\/02\/calmin_opt.jpg\">\n<h3><strong>CALMA<\/strong> EN LA <strong>MENTE<\/strong><br>Y EN LAS <strong>EMOCIONES<\/strong><\/h3>\n<\/div>\n<div class=\"columz\"><img decoding=\"async\" src=\"http:\/\/www.naseemtouch.com\/wp-content\/uploads\/2018\/02\/grounding_opt.jpg\">\n<h3><strong>RA\u00cdCES<\/strong> Y <strong>CONCIENCIA<\/strong><br>EN EL <strong>ESP\u00cdRITU<\/strong><\/h3>\n<\/div>\n<div class=\"clear_float\">&nbsp;<\/div>\n<\/div>\n<div class=\"greca\">&nbsp;<\/div>\n<p><!--\n\n\n\n\n\n\n\n\n\n\n\n\n\n\n\n\n\n\n\n\n\n\n\n\n\n\n\n\n\n\n\n\n\n\n\n\n\n\n\n\n\n\n\n\n\n\n\n\n\n\n<div class=\"testo_intro\"><\/div>\n\n\n\n\n\n\n\n\n\n\n\n\n\n\n\n\n\n\n\n\n\n\n\n\n\n\n\n\n\n\n\n\n\n\n\n\n\n\n\n\n\n\n\n\n\n\n\n\n\n\n--><\/p>\n<div class=\"cont_altern\">\n<div class=\"block_alt shiva2\">\n<div class=\"image\"><img decoding=\"async\" src=\"http:\/\/www.naseemtouch.com\/wp-content\/uploads\/2018\/02\/hands_opt2.jpg\"><\/div>\n<div class=\"testo\">\n<div class=\"cent_test_alt\">\n<div class=\"cent_test_alt_int\">\n<p>El <strong>M\u00e9todo AYM<\/strong> fue creado por la maestra <strong>Kusum Modak<\/strong> en Pune, India, que desarroll\u00f3 el <strong>Masaje Ayurv\u00e9dico<\/strong> tradicional de la India introduciendo numerosos estiramientos y &#8216;asanas pasivas&#8217; de <strong>Yoga<\/strong>, aprendido directamente del maestro <strong>B.K.S. Iyengar<\/strong>. Naseem estudi\u00f3 en India con Kusum Modak en 2001 y 2002 y luego introdujo t\u00e9cnicas de masaje Tailand\u00e9s, Shiatsu y drenaje Linf\u00e1tico para estimular diferentes sistemas del cuerpo.<\/p>\n<\/div>\n<\/div>\n<\/div>\n<div class=\"clear_float\">&nbsp;<\/div>\n<\/div>\n<div class=\"block_alt dx shiva4\">\n<div class=\"image\"><img decoding=\"async\" src=\"http:\/\/www.naseemtouch.com\/wp-content\/uploads\/2018\/02\/0216_bis.jpg\"><\/div>\n<div class=\"testo\">\n<div class=\"cent_test_alt\">\n<div class=\"cent_test_alt_int\">\n<p>Naseem tiene m\u00e1s de treinta a\u00f1os de experiencia trabajando en el cuerpo como int\u00e9rprete y profesor de <strong>Danza Contempor\u00e1nea<\/strong> y <strong>Contact Improvisation<\/strong>, y su vida profesional como bailar\u00edn le proporciona una comprensi\u00f3n profunda del movimiento corporal y familiaridad con el contacto. El flujo de energ\u00eda <strong>Reiki<\/strong> tambi\u00e9n se combina en cada sesi\u00f3n para estimular, armonizar y equilibrar las energ\u00edas m\u00e1s sutiles del cuerpo.<\/p>\n<\/div>\n<\/div>\n<\/div>\n<div class=\"clear_float\">&nbsp;<\/div>\n<\/div>\n<div class=\"block_alt shiva2\">\n<div class=\"image\"><img decoding=\"async\" src=\"http:\/\/www.naseemtouch.com\/wp-content\/uploads\/2018\/01\/8166_wide.jpg\"><\/div>\n<div class=\"testo\">\n<div class=\"cent_test_alt\">\n<div class=\"cent_test_alt_int\">\n<p>Desde 2018, Naseem ha integrado en sus tratamientos el m\u00e9todo original de <strong>Liberaci\u00f3n Miofascial<\/strong> y <strong>Alineaci\u00f3n Estructural<\/strong>, aprendido con la maestra <strong>Usha Heller<\/strong> en Nueva York. El <strong>Metodo MSA<\/strong> se basa en una comprensi\u00f3n clara de la postura natural y el movimiento eficiente. Combina la liberaci\u00f3n miofascial con movimientos asistidos para realinear el esqueleto y tratar las causas estructurales de las tensiones y dolores cr\u00f3nicos m\u00e1s comunes.<\/p>\n<\/div>\n<\/div>\n<\/div>\n<div class=\"clear_float\">&nbsp;<\/div>\n<\/div>\n<div class=\"clear_float\">&nbsp;<\/div>\n<\/div>\n<\/div>\n<\/section>\n\n\n\n<section class=\"video_bg titolo\">\n<h3>BENEFICIOS<\/h3>\n<\/section>\n\n\n\n<section>\n<div class=\"sx w100\">\n<div class=\"benefits_cont\">\n<div class=\"testi_ben\">\n<div class=\"blocco a1\">\n<div class=\"cent_txt\">\n<div class=\"cent_txt_int\" style=\"text-align: center;\">PROMUEVE EL FLUJO DE LA ENERG\u00cdA VITAL (PRANA),&nbsp;INDUCYE RELAJACI\u00d3N, CONCIENCIA Y APERTURA<\/div>\n<\/div>\n<\/div>\n<div class=\"blocco a2\" style=\"text-align: center;\">\n<div class=\"cent_txt\">\n<div class=\"cent_txt_int\">ELIMINA EL ESTR\u00c9S Y DISPERSA LAS TOXINAS ALMACENADAS EN M\u00daSCULOS, PIEL Y \u00d3RGANOS<\/div>\n<\/div>\n<\/div>\n<div class=\"blocco a3\" style=\"text-align: center;\">\n<div class=\"cent_txt\">\n<div class=\"cent_txt_int\">MEJORA LA CAPACIDAD RESPIRATORIA Y EL METABOLISMO<\/div>\n<\/div>\n<\/div>\n<div class=\"blocco a4\" style=\"text-align: center;\">\n<div class=\"cent_txt\">\n<div class=\"cent_txt_int\">ESTIMULA LA CIRCULACI\u00d3N SANGUINEA Y LINF\u00c1TICA<\/div>\n<\/div>\n<\/div>\n<div class=\"blocco a5\" style=\"text-align: center;\">\n<div class=\"cent_txt\">\n<div class=\"cent_txt_int\">NUTRE, TONIFICA Y REAFIRMA LA PIEL<\/div>\n<\/div>\n<\/div>\n<div class=\"blocco a6\" style=\"text-align: center;\">\n<div class=\"cent_txt\">\n<div class=\"cent_txt_int\">RELAJA TENCI\u00d3NES, ALIVIA EL DOLOR Y MEJORA LA FLEXIBILDAD DE M\u00daSCULOS, COLUMNA VERTEBRAL Y TODAS LAS ARTICULACIONES<\/div>\n<\/div>\n<\/div>\n<div class=\"blocco a7\">\n<div class=\"cent_txt\">\n<div class=\"cent_txt_int\" style=\"text-align: center;\">REALINEA EL CUERPO, AUMENTA LAS POSIBILIDADES DE MOVIMIENTO Y FAVORECE UNA POSTURA SALUDABLE<\/div>\n<\/div>\n<\/div>\n<\/div>\n<div class=\"img_ben\"><img decoding=\"async\" src=\"http:\/\/www.naseemtouch.com\/wp-content\/uploads\/2018\/02\/Heart-Opening20.jpg\"><\/div>\n<\/div>\n<div class=\"pad_su_giu\">El Masaje Yoga Ayurv\u00e9dico (AYM) generalmente se realiza sobre un c\u00f3modo <strong>colch\u00f3n en el suelo<\/strong>, muy parecido al shiatsu y al masaje tradicional tailand\u00e9s, o sobre una <strong>camilla de masaje<\/strong>.<br>Esto tratamiento completo generalmente dura da <strong>una a dos horas<\/strong> y cubre siempre a <strong>todo el cuerpo<\/strong>.<br>Beneficios inmediatos y prolongados en los d\u00edas siguientes se notar\u00e1 a nivel f\u00edsico, psicol\u00f3gico-emocional y espiritual.<\/div>\n<\/div>\n<\/section>\n\n\n\n<section>\n<div class=\"cover\">\n<div class=\"parallax-window\" data-parallax=\"scroll\" data-image-src=\"http:\/\/www.naseemtouch.com\/wp-content\/uploads\/2018\/01\/naseem-slide-3-1.jpg\">&nbsp;<\/div>\n<\/div>\n<\/section>\n\n\n\n<section>\n<div class=\"sx w100\">\n<div class=\"pad_su_giu\">\n<h3><em>\u00ab&#8230; Un masaje con Naseem es como experimentar una danza<br>y una sincron\u00eda de mente, cuerpo y alma &#8230;\u00bb<\/em><\/h3>\n<p>Visite tambi\u00e9n la p\u00e1gina de los <a href=\"?page_id=1153&quot;\">TESTIMONIOS<\/a> para ver informes sobre otros &#8216;efectos secundarios&#8217; positivos &#8230;<\/p>\n<div class=\"btn \"><a href=\"?page_id=1150&quot;\">Contacta Naseem<\/a><\/div>\n<\/div>\n<\/div>\n<\/section>\n\n\n\n<p>&nbsp;<\/p>\n\n\n\n<p>&nbsp;<\/p>\n","protected":false},"excerpt":{"rendered":"<p>M\u00e9todo Kusum Modak con\u00a0Naseem\u00a0Roberto Baffa El Masaje Yoga Ayurv\u00e9dico (AYM) con Naseem es un tratamiento manual profundamente relajante y terap\u00e9utico que combina eficazmente la tradici\u00f3n india de Masaje Soave y Profundo con aceites esenciales con una terapia de estiramientos basados en Yoga,\u00a0t\u00e9cnicas de\u00a0Liberaci\u00f3n Miofascial y trabajo Energ\u00e9tico, en un proceso completo de apertura, alineaci\u00f3n y [&hellip;]<\/p>\n","protected":false},"author":1,"featured_media":897,"parent":0,"menu_order":0,"comment_status":"closed","ping_status":"closed","template":"","meta":{"ngg_post_thumbnail":0,"footnotes":""},"class_list":["post-1156","page","type-page","status-publish","has-post-thumbnail","hentry"],"yoast_head":"<!-- This site is optimized with the Yoast SEO plugin v24.2 - https:\/\/yoast.com\/wordpress\/plugins\/seo\/ -->\n<title>TRATAMIENTO AYM - Naseem Touch<\/title>\n<meta name=\"description\" content=\"Ayurvedic Yoga Massage with Naseem Roberto Baffa. Treatments and Trainings in Europe, India and Thailand. Beginner and Professional courses in manual therapy and healing touch. Open to everyone interested.\" \/>\n<meta name=\"robots\" content=\"index, follow, max-snippet:-1, max-image-preview:large, max-video-preview:-1\" \/>\n<link rel=\"canonical\" href=\"https:\/\/www.naseemtouch.com\/es\/aym-treatment\/\" \/>\n<meta property=\"og:locale\" content=\"es_ES\" \/>\n<meta property=\"og:type\" content=\"article\" \/>\n<meta property=\"og:title\" content=\"TRATAMIENTO AYM - Naseem Touch\" \/>\n<meta property=\"og:description\" content=\"Ayurvedic Yoga Massage with Naseem Roberto Baffa. Treatments and Trainings in Europe, India and Thailand. Beginner and Professional courses in manual therapy and healing touch. Open to everyone interested.\" \/>\n<meta property=\"og:url\" content=\"https:\/\/www.naseemtouch.com\/es\/aym-treatment\/\" \/>\n<meta property=\"og:site_name\" content=\"Naseem Touch\" \/>\n<meta property=\"article:publisher\" content=\"https:\/\/www.facebook.com\/NaseemBodySoulArt\/\" \/>\n<meta property=\"article:modified_time\" content=\"2025-01-03T06:03:32+00:00\" \/>\n<meta property=\"og:image\" content=\"http:\/\/www.naseemtouch.com\/wp-content\/uploads\/2018\/05\/8269_header.jpg\" \/>\n\t<meta property=\"og:image:width\" content=\"1600\" \/>\n\t<meta property=\"og:image:height\" content=\"800\" \/>\n\t<meta property=\"og:image:type\" content=\"image\/jpeg\" \/>\n<meta name=\"twitter:card\" content=\"summary_large_image\" \/>\n<meta name=\"twitter:label1\" content=\"Tiempo de lectura\" \/>\n\t<meta name=\"twitter:data1\" content=\"4 minutos\" \/>\n<script type=\"application\/ld+json\" class=\"yoast-schema-graph\">{\"@context\":\"https:\/\/schema.org\",\"@graph\":[{\"@type\":\"WebPage\",\"@id\":\"https:\/\/www.naseemtouch.com\/es\/aym-treatment\/\",\"url\":\"https:\/\/www.naseemtouch.com\/es\/aym-treatment\/\",\"name\":\"TRATAMIENTO AYM - Naseem Touch\",\"isPartOf\":{\"@id\":\"https:\/\/www.naseemtouch.com\/es\/#website\"},\"primaryImageOfPage\":{\"@id\":\"https:\/\/www.naseemtouch.com\/es\/aym-treatment\/#primaryimage\"},\"image\":{\"@id\":\"https:\/\/www.naseemtouch.com\/es\/aym-treatment\/#primaryimage\"},\"thumbnailUrl\":\"https:\/\/www.naseemtouch.com\/wp-content\/uploads\/2018\/05\/8269_header.jpg\",\"datePublished\":\"2018-08-02T13:55:32+00:00\",\"dateModified\":\"2025-01-03T06:03:32+00:00\",\"description\":\"Ayurvedic Yoga Massage with Naseem Roberto Baffa. Treatments and Trainings in Europe, India and Thailand. Beginner and Professional courses in manual therapy and healing touch. Open to everyone interested.\",\"breadcrumb\":{\"@id\":\"https:\/\/www.naseemtouch.com\/es\/aym-treatment\/#breadcrumb\"},\"inLanguage\":\"es\",\"potentialAction\":[{\"@type\":\"ReadAction\",\"target\":[\"https:\/\/www.naseemtouch.com\/es\/aym-treatment\/\"]}]},{\"@type\":\"ImageObject\",\"inLanguage\":\"es\",\"@id\":\"https:\/\/www.naseemtouch.com\/es\/aym-treatment\/#primaryimage\",\"url\":\"https:\/\/www.naseemtouch.com\/wp-content\/uploads\/2018\/05\/8269_header.jpg\",\"contentUrl\":\"https:\/\/www.naseemtouch.com\/wp-content\/uploads\/2018\/05\/8269_header.jpg\",\"width\":1600,\"height\":800},{\"@type\":\"BreadcrumbList\",\"@id\":\"https:\/\/www.naseemtouch.com\/es\/aym-treatment\/#breadcrumb\",\"itemListElement\":[{\"@type\":\"ListItem\",\"position\":1,\"name\":\"Home\",\"item\":\"https:\/\/www.naseemtouch.com\/es\/\"},{\"@type\":\"ListItem\",\"position\":2,\"name\":\"TRATAMIENTO AYM\"}]},{\"@type\":\"WebSite\",\"@id\":\"https:\/\/www.naseemtouch.com\/es\/#website\",\"url\":\"https:\/\/www.naseemtouch.com\/es\/\",\"name\":\"Naseem Touch\",\"description\":\"\",\"potentialAction\":[{\"@type\":\"SearchAction\",\"target\":{\"@type\":\"EntryPoint\",\"urlTemplate\":\"https:\/\/www.naseemtouch.com\/es\/?s={search_term_string}\"},\"query-input\":{\"@type\":\"PropertyValueSpecification\",\"valueRequired\":true,\"valueName\":\"search_term_string\"}}],\"inLanguage\":\"es\"}]}<\/script>\n<!-- \/ Yoast SEO plugin. -->","yoast_head_json":{"title":"TRATAMIENTO AYM - Naseem Touch","description":"Ayurvedic Yoga Massage with Naseem Roberto Baffa. Treatments and Trainings in Europe, India and Thailand. Beginner and Professional courses in manual therapy and healing touch. Open to everyone interested.","robots":{"index":"index","follow":"follow","max-snippet":"max-snippet:-1","max-image-preview":"max-image-preview:large","max-video-preview":"max-video-preview:-1"},"canonical":"https:\/\/www.naseemtouch.com\/es\/aym-treatment\/","og_locale":"es_ES","og_type":"article","og_title":"TRATAMIENTO AYM - Naseem Touch","og_description":"Ayurvedic Yoga Massage with Naseem Roberto Baffa. Treatments and Trainings in Europe, India and Thailand. Beginner and Professional courses in manual therapy and healing touch. Open to everyone interested.","og_url":"https:\/\/www.naseemtouch.com\/es\/aym-treatment\/","og_site_name":"Naseem Touch","article_publisher":"https:\/\/www.facebook.com\/NaseemBodySoulArt\/","article_modified_time":"2025-01-03T06:03:32+00:00","og_image":[{"width":1600,"height":800,"url":"http:\/\/www.naseemtouch.com\/wp-content\/uploads\/2018\/05\/8269_header.jpg","type":"image\/jpeg"}],"twitter_card":"summary_large_image","twitter_misc":{"Tiempo de lectura":"4 minutos"},"schema":{"@context":"https:\/\/schema.org","@graph":[{"@type":"WebPage","@id":"https:\/\/www.naseemtouch.com\/es\/aym-treatment\/","url":"https:\/\/www.naseemtouch.com\/es\/aym-treatment\/","name":"TRATAMIENTO AYM - Naseem Touch","isPartOf":{"@id":"https:\/\/www.naseemtouch.com\/es\/#website"},"primaryImageOfPage":{"@id":"https:\/\/www.naseemtouch.com\/es\/aym-treatment\/#primaryimage"},"image":{"@id":"https:\/\/www.naseemtouch.com\/es\/aym-treatment\/#primaryimage"},"thumbnailUrl":"https:\/\/www.naseemtouch.com\/wp-content\/uploads\/2018\/05\/8269_header.jpg","datePublished":"2018-08-02T13:55:32+00:00","dateModified":"2025-01-03T06:03:32+00:00","description":"Ayurvedic Yoga Massage with Naseem Roberto Baffa. Treatments and Trainings in Europe, India and Thailand. Beginner and Professional courses in manual therapy and healing touch. Open to everyone interested.","breadcrumb":{"@id":"https:\/\/www.naseemtouch.com\/es\/aym-treatment\/#breadcrumb"},"inLanguage":"es","potentialAction":[{"@type":"ReadAction","target":["https:\/\/www.naseemtouch.com\/es\/aym-treatment\/"]}]},{"@type":"ImageObject","inLanguage":"es","@id":"https:\/\/www.naseemtouch.com\/es\/aym-treatment\/#primaryimage","url":"https:\/\/www.naseemtouch.com\/wp-content\/uploads\/2018\/05\/8269_header.jpg","contentUrl":"https:\/\/www.naseemtouch.com\/wp-content\/uploads\/2018\/05\/8269_header.jpg","width":1600,"height":800},{"@type":"BreadcrumbList","@id":"https:\/\/www.naseemtouch.com\/es\/aym-treatment\/#breadcrumb","itemListElement":[{"@type":"ListItem","position":1,"name":"Home","item":"https:\/\/www.naseemtouch.com\/es\/"},{"@type":"ListItem","position":2,"name":"TRATAMIENTO AYM"}]},{"@type":"WebSite","@id":"https:\/\/www.naseemtouch.com\/es\/#website","url":"https:\/\/www.naseemtouch.com\/es\/","name":"Naseem Touch","description":"","potentialAction":[{"@type":"SearchAction","target":{"@type":"EntryPoint","urlTemplate":"https:\/\/www.naseemtouch.com\/es\/?s={search_term_string}"},"query-input":{"@type":"PropertyValueSpecification","valueRequired":true,"valueName":"search_term_string"}}],"inLanguage":"es"}]}},"_links":{"self":[{"href":"https:\/\/www.naseemtouch.com\/es\/wp-json\/wp\/v2\/pages\/1156","targetHints":{"allow":["GET"]}}],"collection":[{"href":"https:\/\/www.naseemtouch.com\/es\/wp-json\/wp\/v2\/pages"}],"about":[{"href":"https:\/\/www.naseemtouch.com\/es\/wp-json\/wp\/v2\/types\/page"}],"author":[{"embeddable":true,"href":"https:\/\/www.naseemtouch.com\/es\/wp-json\/wp\/v2\/users\/1"}],"replies":[{"embeddable":true,"href":"https:\/\/www.naseemtouch.com\/es\/wp-json\/wp\/v2\/comments?post=1156"}],"version-history":[{"count":51,"href":"https:\/\/www.naseemtouch.com\/es\/wp-json\/wp\/v2\/pages\/1156\/revisions"}],"predecessor-version":[{"id":3783,"href":"https:\/\/www.naseemtouch.com\/es\/wp-json\/wp\/v2\/pages\/1156\/revisions\/3783"}],"wp:featuredmedia":[{"embeddable":true,"href":"https:\/\/www.naseemtouch.com\/es\/wp-json\/wp\/v2\/media\/897"}],"wp:attachment":[{"href":"https:\/\/www.naseemtouch.com\/es\/wp-json\/wp\/v2\/media?parent=1156"}],"curies":[{"name":"wp","href":"https:\/\/api.w.org\/{rel}","templated":true}]}}