{"id":1150,"date":"2018-08-02T15:53:51","date_gmt":"2018-08-02T13:53:51","guid":{"rendered":"http:\/\/www.naseemtouch.com\/?page_id=1150"},"modified":"2025-06-17T10:43:03","modified_gmt":"2025-06-17T08:43:03","slug":"contactos","status":"publish","type":"page","link":"https:\/\/www.naseemtouch.com\/es\/contactos\/","title":{"rendered":"Contactos"},"content":{"rendered":"<p>Para mas informaci\u00f3n y\/o reservas, completa el siguiente formulario.<br \/>\n\n<div class=\"wpcf7 no-js\" id=\"wpcf7-f1194-o1\" lang=\"en-US\" dir=\"ltr\" data-wpcf7-id=\"1194\">\n<div class=\"screen-reader-response\"><p role=\"status\" aria-live=\"polite\" aria-atomic=\"true\"><\/p> <ul><\/ul><\/div>\n<form action=\"\/es\/wp-json\/wp\/v2\/pages\/1150#wpcf7-f1194-o1\" method=\"post\" class=\"wpcf7-form init\" aria-label=\"Contact form\" novalidate=\"novalidate\" data-status=\"init\">\n<div style=\"display: none;\">\n<input type=\"hidden\" name=\"_wpcf7\" value=\"1194\" \/>\n<input type=\"hidden\" name=\"_wpcf7_version\" value=\"6.0.3\" \/>\n<input type=\"hidden\" name=\"_wpcf7_locale\" value=\"en_US\" \/>\n<input type=\"hidden\" name=\"_wpcf7_unit_tag\" value=\"wpcf7-f1194-o1\" \/>\n<input type=\"hidden\" name=\"_wpcf7_container_post\" value=\"0\" \/>\n<input type=\"hidden\" name=\"_wpcf7_posted_data_hash\" value=\"\" \/>\n<input type=\"hidden\" name=\"_wpcf7dtx_version\" value=\"5.0.2\" \/>\n<input type=\"hidden\" name=\"_wpcf7_recaptcha_response\" value=\"\" \/>\n<\/div>\n<p><label>Nombre:<br \/>\n<span class=\"wpcf7-form-control-wrap\" data-name=\"your-name\"><input size=\"40\" maxlength=\"400\" class=\"wpcf7-form-control wpcf7-text wpcf7-validates-as-required\" aria-required=\"true\" aria-invalid=\"false\" value=\"\" type=\"text\" name=\"your-name\" \/><\/span> <\/label>\n<\/p>\n<p><label>E-mail:<br \/>\n<span class=\"wpcf7-form-control-wrap\" data-name=\"your-email\"><input size=\"40\" maxlength=\"400\" class=\"wpcf7-form-control wpcf7-email wpcf7-validates-as-required wpcf7-text wpcf7-validates-as-email\" aria-required=\"true\" aria-invalid=\"false\" value=\"\" type=\"email\" name=\"your-email\" \/><\/span> <\/label>\n<\/p>\n<p><label>Objeto:<br \/>\n<span class=\"wpcf7-form-control-wrap dynamictext-946\" data-name=\"dynamictext-946\"><input type=\"text\" name=\"dynamictext-946\" class=\"wpcf7-form-control wpcf7-text wpcf7dtx wpcf7dtx-text\" aria-invalid=\"false\"><\/span><\/label>\n<\/p>\n<p><label>Tu Mensaje:<br \/>\n<span class=\"wpcf7-form-control-wrap\" data-name=\"your-message\"><textarea cols=\"40\" rows=\"10\" maxlength=\"2000\" class=\"wpcf7-form-control wpcf7-textarea wpcf7-validates-as-required\" aria-required=\"true\" aria-invalid=\"false\" name=\"your-message\"><\/textarea><\/span><\/label>\n<\/p>\n<span class=\"wpcf7-form-control-wrap recaptcha\" data-name=\"recaptcha\"><span data-sitekey=\"6LcTnkQUAAAAAOnIOUyuMnKdg6v0kNFR6ScLBTnZ\" class=\"wpcf7-form-control wpcf7-recaptcha g-recaptcha\"><\/span>\r\n<noscript>\r\n\t<div class=\"grecaptcha-noscript\">\r\n\t\t<iframe loading=\"lazy\" src=\"https:\/\/www.google.com\/recaptcha\/api\/fallback?k=6LcTnkQUAAAAAOnIOUyuMnKdg6v0kNFR6ScLBTnZ\" frameborder=\"0\" scrolling=\"no\" width=\"310\" height=\"430\">\r\n\t\t<\/iframe>\r\n\t\t<textarea name=\"g-recaptcha-response\" rows=\"3\" cols=\"40\" placeholder=\"reCaptcha Response Here\">\r\n\t\t<\/textarea>\r\n\t<\/div>\r\n<\/noscript>\r\n<\/span>\n<p>&nbsp;<br \/>\n<input class=\"wpcf7-form-control wpcf7-submit has-spinner\" type=\"submit\" value=\"Envier\" \/>\n<\/p><div class=\"wpcf7-response-output\" aria-hidden=\"true\"><\/div>\n<\/form>\n<\/div>\n<\/p>\n","protected":false},"excerpt":{"rendered":"<p>Para mas informaci\u00f3n y\/o reservas, completa el siguiente formulario.<\/p>\n","protected":false},"author":1,"featured_media":910,"parent":0,"menu_order":0,"comment_status":"closed","ping_status":"closed","template":"page-imgheader.php","meta":{"ngg_post_thumbnail":0,"footnotes":""},"class_list":["post-1150","page","type-page","status-publish","has-post-thumbnail","hentry"],"yoast_head":"<!-- This site is optimized with the Yoast SEO plugin v24.2 - https:\/\/yoast.com\/wordpress\/plugins\/seo\/ -->\n<title>Contactos - Naseem Touch<\/title>\n<meta name=\"description\" content=\"Masaje Ayurv\u00e9dico Yoga AYM | FORMACI\u00d3N + TRATAMIENTO DE TERAPEUTAS - Un m\u00e9todo original que combina el masaje de tejido profundo con estiramientos de Yoga. Cursos INTENSIVOS \/ AVANZADOS\" \/>\n<meta name=\"robots\" content=\"index, follow, max-snippet:-1, max-image-preview:large, max-video-preview:-1\" \/>\n<link rel=\"canonical\" href=\"https:\/\/www.naseemtouch.com\/es\/contactos\/\" \/>\n<meta property=\"og:locale\" content=\"es_ES\" \/>\n<meta property=\"og:type\" content=\"article\" \/>\n<meta property=\"og:title\" content=\"Contactos - Naseem Touch\" \/>\n<meta property=\"og:description\" content=\"Masaje Ayurv\u00e9dico Yoga AYM | FORMACI\u00d3N + TRATAMIENTO DE TERAPEUTAS - Un m\u00e9todo original que combina el masaje de tejido profundo con estiramientos de Yoga. Cursos INTENSIVOS \/ AVANZADOS\" \/>\n<meta property=\"og:url\" content=\"https:\/\/www.naseemtouch.com\/es\/contactos\/\" \/>\n<meta property=\"og:site_name\" content=\"Naseem Touch\" \/>\n<meta property=\"article:publisher\" content=\"https:\/\/www.facebook.com\/NaseemBodySoulArt\/\" \/>\n<meta property=\"article:modified_time\" content=\"2025-06-17T08:43:03+00:00\" \/>\n<meta property=\"og:image\" content=\"http:\/\/www.naseemtouch.com\/wp-content\/uploads\/2018\/05\/mani3.jpg\" \/>\n\t<meta property=\"og:image:width\" content=\"1600\" \/>\n\t<meta property=\"og:image:height\" content=\"600\" \/>\n\t<meta property=\"og:image:type\" content=\"image\/jpeg\" \/>\n<meta name=\"twitter:card\" content=\"summary_large_image\" \/>\n<meta name=\"twitter:label1\" content=\"Tiempo de lectura\" \/>\n\t<meta name=\"twitter:data1\" content=\"1 minuto\" \/>\n<script type=\"application\/ld+json\" class=\"yoast-schema-graph\">{\"@context\":\"https:\/\/schema.org\",\"@graph\":[{\"@type\":\"WebPage\",\"@id\":\"https:\/\/www.naseemtouch.com\/es\/contactos\/\",\"url\":\"https:\/\/www.naseemtouch.com\/es\/contactos\/\",\"name\":\"Contactos - Naseem Touch\",\"isPartOf\":{\"@id\":\"https:\/\/www.naseemtouch.com\/es\/#website\"},\"primaryImageOfPage\":{\"@id\":\"https:\/\/www.naseemtouch.com\/es\/contactos\/#primaryimage\"},\"image\":{\"@id\":\"https:\/\/www.naseemtouch.com\/es\/contactos\/#primaryimage\"},\"thumbnailUrl\":\"https:\/\/www.naseemtouch.com\/wp-content\/uploads\/2018\/05\/mani3.jpg\",\"datePublished\":\"2018-08-02T13:53:51+00:00\",\"dateModified\":\"2025-06-17T08:43:03+00:00\",\"description\":\"Masaje Ayurv\u00e9dico Yoga AYM | FORMACI\u00d3N + TRATAMIENTO DE TERAPEUTAS - Un m\u00e9todo original que combina el masaje de tejido profundo con estiramientos de Yoga. Cursos INTENSIVOS \/ AVANZADOS\",\"breadcrumb\":{\"@id\":\"https:\/\/www.naseemtouch.com\/es\/contactos\/#breadcrumb\"},\"inLanguage\":\"es\",\"potentialAction\":[{\"@type\":\"ReadAction\",\"target\":[\"https:\/\/www.naseemtouch.com\/es\/contactos\/\"]}]},{\"@type\":\"ImageObject\",\"inLanguage\":\"es\",\"@id\":\"https:\/\/www.naseemtouch.com\/es\/contactos\/#primaryimage\",\"url\":\"https:\/\/www.naseemtouch.com\/wp-content\/uploads\/2018\/05\/mani3.jpg\",\"contentUrl\":\"https:\/\/www.naseemtouch.com\/wp-content\/uploads\/2018\/05\/mani3.jpg\",\"width\":1600,\"height\":600},{\"@type\":\"BreadcrumbList\",\"@id\":\"https:\/\/www.naseemtouch.com\/es\/contactos\/#breadcrumb\",\"itemListElement\":[{\"@type\":\"ListItem\",\"position\":1,\"name\":\"Home\",\"item\":\"https:\/\/www.naseemtouch.com\/es\/\"},{\"@type\":\"ListItem\",\"position\":2,\"name\":\"Contactos\"}]},{\"@type\":\"WebSite\",\"@id\":\"https:\/\/www.naseemtouch.com\/es\/#website\",\"url\":\"https:\/\/www.naseemtouch.com\/es\/\",\"name\":\"Naseem Touch\",\"description\":\"\",\"potentialAction\":[{\"@type\":\"SearchAction\",\"target\":{\"@type\":\"EntryPoint\",\"urlTemplate\":\"https:\/\/www.naseemtouch.com\/es\/?s={search_term_string}\"},\"query-input\":{\"@type\":\"PropertyValueSpecification\",\"valueRequired\":true,\"valueName\":\"search_term_string\"}}],\"inLanguage\":\"es\"}]}<\/script>\n<!-- \/ Yoast SEO plugin. -->","yoast_head_json":{"title":"Contactos - Naseem Touch","description":"Masaje Ayurv\u00e9dico Yoga AYM | FORMACI\u00d3N + TRATAMIENTO DE TERAPEUTAS - Un m\u00e9todo original que combina el masaje de tejido profundo con estiramientos de Yoga. Cursos INTENSIVOS \/ AVANZADOS","robots":{"index":"index","follow":"follow","max-snippet":"max-snippet:-1","max-image-preview":"max-image-preview:large","max-video-preview":"max-video-preview:-1"},"canonical":"https:\/\/www.naseemtouch.com\/es\/contactos\/","og_locale":"es_ES","og_type":"article","og_title":"Contactos - Naseem Touch","og_description":"Masaje Ayurv\u00e9dico Yoga AYM | FORMACI\u00d3N + TRATAMIENTO DE TERAPEUTAS - Un m\u00e9todo original que combina el masaje de tejido profundo con estiramientos de Yoga. Cursos INTENSIVOS \/ AVANZADOS","og_url":"https:\/\/www.naseemtouch.com\/es\/contactos\/","og_site_name":"Naseem Touch","article_publisher":"https:\/\/www.facebook.com\/NaseemBodySoulArt\/","article_modified_time":"2025-06-17T08:43:03+00:00","og_image":[{"width":1600,"height":600,"url":"http:\/\/www.naseemtouch.com\/wp-content\/uploads\/2018\/05\/mani3.jpg","type":"image\/jpeg"}],"twitter_card":"summary_large_image","twitter_misc":{"Tiempo de lectura":"1 minuto"},"schema":{"@context":"https:\/\/schema.org","@graph":[{"@type":"WebPage","@id":"https:\/\/www.naseemtouch.com\/es\/contactos\/","url":"https:\/\/www.naseemtouch.com\/es\/contactos\/","name":"Contactos - Naseem Touch","isPartOf":{"@id":"https:\/\/www.naseemtouch.com\/es\/#website"},"primaryImageOfPage":{"@id":"https:\/\/www.naseemtouch.com\/es\/contactos\/#primaryimage"},"image":{"@id":"https:\/\/www.naseemtouch.com\/es\/contactos\/#primaryimage"},"thumbnailUrl":"https:\/\/www.naseemtouch.com\/wp-content\/uploads\/2018\/05\/mani3.jpg","datePublished":"2018-08-02T13:53:51+00:00","dateModified":"2025-06-17T08:43:03+00:00","description":"Masaje Ayurv\u00e9dico Yoga AYM | FORMACI\u00d3N + TRATAMIENTO DE TERAPEUTAS - Un m\u00e9todo original que combina el masaje de tejido profundo con estiramientos de Yoga. Cursos INTENSIVOS \/ AVANZADOS","breadcrumb":{"@id":"https:\/\/www.naseemtouch.com\/es\/contactos\/#breadcrumb"},"inLanguage":"es","potentialAction":[{"@type":"ReadAction","target":["https:\/\/www.naseemtouch.com\/es\/contactos\/"]}]},{"@type":"ImageObject","inLanguage":"es","@id":"https:\/\/www.naseemtouch.com\/es\/contactos\/#primaryimage","url":"https:\/\/www.naseemtouch.com\/wp-content\/uploads\/2018\/05\/mani3.jpg","contentUrl":"https:\/\/www.naseemtouch.com\/wp-content\/uploads\/2018\/05\/mani3.jpg","width":1600,"height":600},{"@type":"BreadcrumbList","@id":"https:\/\/www.naseemtouch.com\/es\/contactos\/#breadcrumb","itemListElement":[{"@type":"ListItem","position":1,"name":"Home","item":"https:\/\/www.naseemtouch.com\/es\/"},{"@type":"ListItem","position":2,"name":"Contactos"}]},{"@type":"WebSite","@id":"https:\/\/www.naseemtouch.com\/es\/#website","url":"https:\/\/www.naseemtouch.com\/es\/","name":"Naseem Touch","description":"","potentialAction":[{"@type":"SearchAction","target":{"@type":"EntryPoint","urlTemplate":"https:\/\/www.naseemtouch.com\/es\/?s={search_term_string}"},"query-input":{"@type":"PropertyValueSpecification","valueRequired":true,"valueName":"search_term_string"}}],"inLanguage":"es"}]}},"_links":{"self":[{"href":"https:\/\/www.naseemtouch.com\/es\/wp-json\/wp\/v2\/pages\/1150","targetHints":{"allow":["GET"]}}],"collection":[{"href":"https:\/\/www.naseemtouch.com\/es\/wp-json\/wp\/v2\/pages"}],"about":[{"href":"https:\/\/www.naseemtouch.com\/es\/wp-json\/wp\/v2\/types\/page"}],"author":[{"embeddable":true,"href":"https:\/\/www.naseemtouch.com\/es\/wp-json\/wp\/v2\/users\/1"}],"replies":[{"embeddable":true,"href":"https:\/\/www.naseemtouch.com\/es\/wp-json\/wp\/v2\/comments?post=1150"}],"version-history":[{"count":6,"href":"https:\/\/www.naseemtouch.com\/es\/wp-json\/wp\/v2\/pages\/1150\/revisions"}],"predecessor-version":[{"id":3228,"href":"https:\/\/www.naseemtouch.com\/es\/wp-json\/wp\/v2\/pages\/1150\/revisions\/3228"}],"wp:featuredmedia":[{"embeddable":true,"href":"https:\/\/www.naseemtouch.com\/es\/wp-json\/wp\/v2\/media\/910"}],"wp:attachment":[{"href":"https:\/\/www.naseemtouch.com\/es\/wp-json\/wp\/v2\/media?parent=1150"}],"curies":[{"name":"wp","href":"https:\/\/api.w.org\/{rel}","templated":true}]}}